{"id":874,"date":"2020-11-07T12:20:19","date_gmt":"2020-11-07T12:20:19","guid":{"rendered":"https:\/\/feuerwehr-kollnburg.de\/?page_id=874"},"modified":"2020-11-14T09:07:20","modified_gmt":"2020-11-14T09:07:20","slug":"gespielte-stuecke","status":"publish","type":"page","link":"https:\/\/feuerwehr-kollnburg.de\/?page_id=874","title":{"rendered":"Gespielte St\u00fccke"},"content":{"rendered":"\n<figure class=\"wp-block-table is-style-regular\"><table class=\"\"><tbody><tr><td class=\"has-text-align-left\" data-align=\"left\"><img loading=\"lazy\" decoding=\"async\" width=\"100\" height=\"141\" class=\"wp-image-880\" style=\"width: 100px;\" src=\"https:\/\/feuerwehr-kollnburg.de\/wp-content\/uploads\/2020\/11\/Theater_2019_Vorschau.jpg\" alt=\"\"><\/td><td>2019<br><a href=\"https:\/\/feuerwehr-kollnburg.de\/?page_id=885\">Drei Weiber und <\/a><br><a href=\"https:\/\/feuerwehr-kollnburg.de\/?page_id=885\">oa Gockel<\/a><\/td><\/tr><tr><td class=\"has-text-align-left\" data-align=\"left\"><img loading=\"lazy\" decoding=\"async\" width=\"100\" height=\"139\" class=\"wp-image-926\" style=\"width: 100px;\" src=\"https:\/\/feuerwehr-kollnburg.de\/wp-content\/uploads\/2020\/11\/Flyer_2018-1.jpg\" alt=\"\" srcset=\"https:\/\/feuerwehr-kollnburg.de\/wp-content\/uploads\/2020\/11\/Flyer_2018-1.jpg 517w, https:\/\/feuerwehr-kollnburg.de\/wp-content\/uploads\/2020\/11\/Flyer_2018-1-215x300.jpg 215w\" sizes=\"auto, (max-width: 100px) 100vw, 100px\" \/><\/td><td>2018<br><a href=\"https:\/\/feuerwehr-kollnburg.de\/?page_id=916\">Nix Amore  am <\/a><br><a href=\"https:\/\/feuerwehr-kollnburg.de\/?page_id=916\">Lago Maggiore<\/a><\/td><\/tr><tr><td class=\"has-text-align-left\" data-align=\"left\"><img loading=\"lazy\" decoding=\"async\" width=\"100\" height=\"139\" class=\"wp-image-922\" style=\"width: 100px;\" src=\"https:\/\/feuerwehr-kollnburg.de\/wp-content\/uploads\/2020\/11\/Flyer_2017.jpg\" alt=\"\" srcset=\"https:\/\/feuerwehr-kollnburg.de\/wp-content\/uploads\/2020\/11\/Flyer_2017.jpg 1153w, https:\/\/feuerwehr-kollnburg.de\/wp-content\/uploads\/2020\/11\/Flyer_2017-215x300.jpg 215w, https:\/\/feuerwehr-kollnburg.de\/wp-content\/uploads\/2020\/11\/Flyer_2017-735x1024.jpg 735w, https:\/\/feuerwehr-kollnburg.de\/wp-content\/uploads\/2020\/11\/Flyer_2017-768x1070.jpg 768w, https:\/\/feuerwehr-kollnburg.de\/wp-content\/uploads\/2020\/11\/Flyer_2017-1103x1536.jpg 1103w\" sizes=\"auto, (max-width: 100px) 100vw, 100px\" \/><\/td><td>2017<br><a href=\"https:\/\/feuerwehr-kollnburg.de\/?page_id=921\">K\u00fcsse f\u00fcr die Tanten<\/a><\/td><\/tr><tr><td class=\"has-text-align-left\" data-align=\"left\"><img loading=\"lazy\" decoding=\"async\" width=\"100\" height=\"143\" class=\"wp-image-896\" style=\"width: 100px;\" src=\"https:\/\/feuerwehr-kollnburg.de\/wp-content\/uploads\/2020\/11\/Vorschau_2016.png\" alt=\"\" srcset=\"https:\/\/feuerwehr-kollnburg.de\/wp-content\/uploads\/2020\/11\/Vorschau_2016.png 356w, https:\/\/feuerwehr-kollnburg.de\/wp-content\/uploads\/2020\/11\/Vorschau_2016-210x300.png 210w\" sizes=\"auto, (max-width: 100px) 100vw, 100px\" \/><\/td><td>2016<br><a href=\"https:\/\/feuerwehr-kollnburg.de\/?page_id=898\">Die Junggesellen-<\/a><br><a href=\"https:\/\/feuerwehr-kollnburg.de\/?page_id=898\">hochzeit<\/a><\/td><\/tr><tr><td class=\"has-text-align-left\" data-align=\"left\"><img loading=\"lazy\" decoding=\"async\" width=\"100\" height=\"140\" class=\"wp-image-909\" style=\"width: 100px;\" src=\"https:\/\/feuerwehr-kollnburg.de\/wp-content\/uploads\/2020\/11\/flyer_2015.jpg\" alt=\"\" srcset=\"https:\/\/feuerwehr-kollnburg.de\/wp-content\/uploads\/2020\/11\/flyer_2015.jpg 888w, https:\/\/feuerwehr-kollnburg.de\/wp-content\/uploads\/2020\/11\/flyer_2015-214x300.jpg 214w, https:\/\/feuerwehr-kollnburg.de\/wp-content\/uploads\/2020\/11\/flyer_2015-730x1024.jpg 730w, https:\/\/feuerwehr-kollnburg.de\/wp-content\/uploads\/2020\/11\/flyer_2015-768x1078.jpg 768w\" sizes=\"auto, (max-width: 100px) 100vw, 100px\" \/><\/td><td>2015<br><a href=\"https:\/\/feuerwehr-kollnburg.de\/?page_id=908\">Der Lausbua<\/a><br><a href=\"https:\/\/feuerwehr-kollnburg.de\/?page_id=1044\">Impressionen<\/a><\/td><\/tr><tr><td class=\"has-text-align-left\" data-align=\"left\"><img loading=\"lazy\" decoding=\"async\" width=\"100\" height=\"143\" class=\"wp-image-932\" style=\"width: 100px;\" src=\"https:\/\/feuerwehr-kollnburg.de\/wp-content\/uploads\/2020\/11\/flyer_2014.jpg\" alt=\"\" srcset=\"https:\/\/feuerwehr-kollnburg.de\/wp-content\/uploads\/2020\/11\/flyer_2014.jpg 877w, https:\/\/feuerwehr-kollnburg.de\/wp-content\/uploads\/2020\/11\/flyer_2014-210x300.jpg 210w, https:\/\/feuerwehr-kollnburg.de\/wp-content\/uploads\/2020\/11\/flyer_2014-716x1024.jpg 716w, https:\/\/feuerwehr-kollnburg.de\/wp-content\/uploads\/2020\/11\/flyer_2014-768x1098.jpg 768w\" sizes=\"auto, (max-width: 100px) 100vw, 100px\" \/><\/td><td>2014<br><a href=\"https:\/\/feuerwehr-kollnburg.de\/?page_id=931\">Dreistes St\u00fcck<br>im Greisengl\u00fcck<\/a><br><a href=\"https:\/\/feuerwehr-kollnburg.de\/?page_id=996\">Impressionen<\/a><\/td><\/tr><tr><td class=\"has-text-align-left\" data-align=\"left\"><img loading=\"lazy\" decoding=\"async\" width=\"100\" height=\"145\" class=\"wp-image-942\" style=\"width: 100px;\" src=\"https:\/\/feuerwehr-kollnburg.de\/wp-content\/uploads\/2020\/11\/Vorschau_2013.png\" alt=\"\" srcset=\"https:\/\/feuerwehr-kollnburg.de\/wp-content\/uploads\/2020\/11\/Vorschau_2013.png 830w, https:\/\/feuerwehr-kollnburg.de\/wp-content\/uploads\/2020\/11\/Vorschau_2013-208x300.png 208w, https:\/\/feuerwehr-kollnburg.de\/wp-content\/uploads\/2020\/11\/Vorschau_2013-708x1024.png 708w, https:\/\/feuerwehr-kollnburg.de\/wp-content\/uploads\/2020\/11\/Vorschau_2013-768x1110.png 768w\" sizes=\"auto, (max-width: 100px) 100vw, 100px\" \/><\/td><td>2013<br><a href=\"https:\/\/feuerwehr-kollnburg.de\/?page_id=937\">Opa, es reicht!<\/a><br><a href=\"https:\/\/feuerwehr-kollnburg.de\/?page_id=1064\">Impressionen<\/a><\/td><\/tr><tr><td class=\"has-text-align-left\" data-align=\"left\"><img loading=\"lazy\" decoding=\"async\" width=\"100\" height=\"145\" class=\"wp-image-948\" style=\"width: 100px;\" src=\"https:\/\/feuerwehr-kollnburg.de\/wp-content\/uploads\/2020\/11\/Vorschau_2012.png\" alt=\"\" srcset=\"https:\/\/feuerwehr-kollnburg.de\/wp-content\/uploads\/2020\/11\/Vorschau_2012.png 592w, https:\/\/feuerwehr-kollnburg.de\/wp-content\/uploads\/2020\/11\/Vorschau_2012-207x300.png 207w\" sizes=\"auto, (max-width: 100px) 100vw, 100px\" \/><\/td><td>2012<br><a href=\"https:\/\/feuerwehr-kollnburg.de\/?page_id=944\">Da Pfennigfuchser<\/a><br><a href=\"https:\/\/feuerwehr-kollnburg.de\/?page_id=1083\">Impressionen<\/a><\/td><\/tr><tr><td class=\"has-text-align-left\" data-align=\"left\"><img loading=\"lazy\" decoding=\"async\" width=\"100\" height=\"142\" class=\"wp-image-955\" style=\"width: 100px;\" src=\"https:\/\/feuerwehr-kollnburg.de\/wp-content\/uploads\/2020\/11\/Vorschau_2011.png\" alt=\"\" srcset=\"https:\/\/feuerwehr-kollnburg.de\/wp-content\/uploads\/2020\/11\/Vorschau_2011.png 590w, https:\/\/feuerwehr-kollnburg.de\/wp-content\/uploads\/2020\/11\/Vorschau_2011-211x300.png 211w\" sizes=\"auto, (max-width: 100px) 100vw, 100px\" \/><\/td><td>2011<br><a href=\"https:\/\/feuerwehr-kollnburg.de\/?page_id=950\">Blo\u00df koan Schnaps<\/a><br><a href=\"https:\/\/feuerwehr-kollnburg.de\/?page_id=1106\">Impressionen<\/a><\/td><\/tr><tr><td class=\"has-text-align-left\" data-align=\"left\"><img loading=\"lazy\" decoding=\"async\" width=\"100\" height=\"148\" class=\"wp-image-957\" style=\"width: 100px;\" src=\"https:\/\/feuerwehr-kollnburg.de\/wp-content\/uploads\/2020\/11\/Vorschau_2010.jpg\" alt=\"\" srcset=\"https:\/\/feuerwehr-kollnburg.de\/wp-content\/uploads\/2020\/11\/Vorschau_2010.jpg 517w, https:\/\/feuerwehr-kollnburg.de\/wp-content\/uploads\/2020\/11\/Vorschau_2010-202x300.jpg 202w\" sizes=\"auto, (max-width: 100px) 100vw, 100px\" \/><\/td><td>2010<br><a rel=\"noreferrer noopener\" aria-label=\" (\u00f6ffnet in neuem Tab)\" href=\"https:\/\/feuerwehr-kollnburg.de\/wp-content\/uploads\/2020\/11\/Flyer_Theater_2010.pdf\" target=\"_blank\">Das Loch in der Wand<\/a><br><a href=\"https:\/\/feuerwehr-kollnburg.de\/?page_id=1135\">Impressionen<\/a><\/td><\/tr><tr><td class=\"has-text-align-left\" data-align=\"left\"><img loading=\"lazy\" decoding=\"async\" width=\"100\" height=\"132\" class=\"wp-image-970\" style=\"width: 100px;\" src=\"https:\/\/feuerwehr-kollnburg.de\/wp-content\/uploads\/2020\/11\/flyer_2009-2.jpg\" alt=\"\" srcset=\"https:\/\/feuerwehr-kollnburg.de\/wp-content\/uploads\/2020\/11\/flyer_2009-2.jpg 1273w, https:\/\/feuerwehr-kollnburg.de\/wp-content\/uploads\/2020\/11\/flyer_2009-2-228x300.jpg 228w, https:\/\/feuerwehr-kollnburg.de\/wp-content\/uploads\/2020\/11\/flyer_2009-2-779x1024.jpg 779w, https:\/\/feuerwehr-kollnburg.de\/wp-content\/uploads\/2020\/11\/flyer_2009-2-768x1010.jpg 768w, https:\/\/feuerwehr-kollnburg.de\/wp-content\/uploads\/2020\/11\/flyer_2009-2-1168x1536.jpg 1168w\" sizes=\"auto, (max-width: 100px) 100vw, 100px\" \/><\/td><td>2009<br><a href=\"https:\/\/feuerwehr-kollnburg.de\/?page_id=964\">Der fidele Hausl<\/a><br><a href=\"https:\/\/feuerwehr-kollnburg.de\/?page_id=1160\">Impressionen<\/a><\/td><\/tr><tr><td class=\"has-text-align-left\" data-align=\"left\">2008<\/td><td><a href=\"https:\/\/feuerwehr-kollnburg.de\/wp-content\/uploads\/2020\/11\/theaterflyer2008.pdf\" target=\"_blank\" rel=\"noreferrer noopener\" aria-label=\"Urlaub vom Doppelbett (\u00f6ffnet in neuem Tab)\">Urlaub vom Doppelbett<\/a><\/td><\/tr><tr><td class=\"has-text-align-left\" data-align=\"left\">2007<\/td><td><a href=\"https:\/\/feuerwehr-kollnburg.de\/wp-content\/uploads\/2020\/11\/theaterflyer2007.pdf\" target=\"_blank\" rel=\"noreferrer noopener\" aria-label=\"Das rotseiderne H\u00f6serl (\u00f6ffnet in neuem Tab)\">Das rotseiderne H\u00f6serl<\/a><\/td><\/tr><tr><td class=\"has-text-align-left\" data-align=\"left\">2006<\/td><td><a href=\"https:\/\/feuerwehr-kollnburg.de\/wp-content\/uploads\/2020\/11\/theaterflyer2006.pdf\" target=\"_blank\" rel=\"noreferrer noopener\" aria-label=\"Ferien am Bauernhof (\u00f6ffnet in neuem Tab)\">Ferien am Bauernhof<\/a><\/td><\/tr><tr><td class=\"has-text-align-left\" data-align=\"left\">2005<\/td><td><a href=\"https:\/\/feuerwehr-kollnburg.de\/wp-content\/uploads\/2020\/11\/theaterflyer2005.pdf\" target=\"_blank\" rel=\"noreferrer noopener\" aria-label=\"Finger weg vom Internet, Opa (\u00f6ffnet in neuem Tab)\">Finger weg vom Internet, Opa<\/a><\/td><\/tr><tr><td class=\"has-text-align-left\" data-align=\"left\">2004<\/td><td><a href=\"https:\/\/feuerwehr-kollnburg.de\/wp-content\/uploads\/2020\/11\/theaterflyer2004.pdf\" target=\"_blank\" rel=\"noreferrer noopener\" aria-label=\"Isidor's dreistes Gl\u00fcck (\u00f6ffnet in neuem Tab)\">Isidor&#8217;s dreistes Gl\u00fcck<\/a><\/td><\/tr><tr><td class=\"has-text-align-left\" data-align=\"left\">2003<\/td><td><a href=\"https:\/\/feuerwehr-kollnburg.de\/wp-content\/uploads\/2020\/11\/theaterflyer2003.pdf\" target=\"_blank\" rel=\"noreferrer noopener\" aria-label=\"Dein Auftritt Tante Frieda (\u00f6ffnet in neuem Tab)\">Dein Auftritt Tante Frieda<\/a><\/td><\/tr><tr><td class=\"has-text-align-left\" data-align=\"left\">2002<\/td><td><a href=\"https:\/\/feuerwehr-kollnburg.de\/wp-content\/uploads\/2020\/11\/theaterflyer2002.pdf\" target=\"_blank\" rel=\"noreferrer noopener\" aria-label=\"Die Liebestropfen oder\nOpas sp\u00e4ter Fr\u00fchling (\u00f6ffnet in neuem Tab)\">Die Liebestropfen oder<br>Opas sp\u00e4ter Fr\u00fchling<\/a><\/td><\/tr><tr><td class=\"has-text-align-left\" data-align=\"left\">2001<\/td><td><a href=\"https:\/\/feuerwehr-kollnburg.de\/wp-content\/uploads\/2020\/11\/theaterflyer2001.pdf\" target=\"_blank\" rel=\"noreferrer noopener\" aria-label=\"Die h\u00f6lzerne Jungfrau (\u00f6ffnet in neuem Tab)\">Die h\u00f6lzerne Jungfrau<\/a><\/td><\/tr><tr><td class=\"has-text-align-left\" data-align=\"left\">2000<\/td><td>Der keusche Josef <\/td><\/tr><tr><td class=\"has-text-align-left\" data-align=\"left\">1999<\/td><td>Die Ledigensteuer <\/td><\/tr><tr><td class=\"has-text-align-left\" data-align=\"left\">1998<\/td><td>Juchhe, a Bua <\/td><\/tr><tr><td class=\"has-text-align-left\" data-align=\"left\">1997<\/td><td>Der heilige Korbinian <br>und die falsche Braut <\/td><\/tr><tr><td class=\"has-text-align-left\" data-align=\"left\">1996<\/td><td>Der Bader Bazi <\/td><\/tr><tr><td class=\"has-text-align-left\" data-align=\"left\">1995<\/td><td>S&#8217;Erbschaftskastl <\/td><\/tr><tr><td class=\"has-text-align-left\" data-align=\"left\">1994<\/td><td>Zweimal Hochzeit <\/td><\/tr><tr><td class=\"has-text-align-left\" data-align=\"left\">1993<\/td><td>Der Lausbua <\/td><\/tr><tr><td class=\"has-text-align-left\" data-align=\"left\">1992<\/td><td>Adams letzter <br>Seitensprung <\/td><\/tr><tr><td class=\"has-text-align-left\" data-align=\"left\">1991<\/td><td> Die T\u00f6chter Josephs <\/td><\/tr><tr><td class=\"has-text-align-left\" data-align=\"left\">1990<\/td><td> Alles beim Teufel  <\/td><\/tr><tr><td class=\"has-text-align-left\" data-align=\"left\">1989<\/td><td>Der alte fuchs <\/td><\/tr><tr><td class=\"has-text-align-left\" data-align=\"left\">1988<\/td><td>Das s\u00fcndige Dorf <\/td><\/tr><tr><td class=\"has-text-align-left\" data-align=\"left\">1987<\/td><td>Der schwarze Peter <\/td><\/tr><tr><td class=\"has-text-align-left\" data-align=\"left\">1986<\/td><td>D&#8216; Welt geht unter <\/td><\/tr><tr><td class=\"has-text-align-left\" data-align=\"left\">1985<\/td><td>Das blauseidene <br>Strumpfband <\/td><\/tr><tr><td class=\"has-text-align-left\" data-align=\"left\">1984<\/td><td>Kurbetrieb beim <br>Kr\u00e4uterblasi <\/td><\/tr><tr><td class=\"has-text-align-left\" data-align=\"left\">1983<\/td><td>Die Baugenehmigung <\/td><\/tr><tr><td class=\"has-text-align-left\" data-align=\"left\">1982<\/td><td>Einmaleins der Liebe <\/td><\/tr><tr><td class=\"has-text-align-left\" data-align=\"left\">1981<\/td><td>S&#8216; Rotseidene H\u00f6ser <\/td><\/tr><tr><td class=\"has-text-align-left\" data-align=\"left\">1980<\/td><td>Der Ehestreik <\/td><\/tr><tr><td class=\"has-text-align-left\" data-align=\"left\">1979<\/td><td>Der falsche Vitus <\/td><\/tr><tr><td class=\"has-text-align-left\" data-align=\"left\">1978<\/td><td><\/td><\/tr><tr><td class=\"has-text-align-left\" data-align=\"left\">1977<\/td><td>Ballett am Jocklhof  <\/td><\/tr><tr><td class=\"has-text-align-left\" data-align=\"left\">1976<\/td><td>Miss Wimpasing <\/td><\/tr><tr><td class=\"has-text-align-left\" data-align=\"left\">1975<\/td><td>Thomas auf der <br>Himmelsleiter <\/td><\/tr><tr><td class=\"has-text-align-left\" data-align=\"left\">1974<\/td><td>Geisterbraut <\/td><\/tr><tr><td class=\"has-text-align-left\" data-align=\"left\">1973<\/td><td>D&#8216; Welt geht unter <\/td><\/tr><tr><td class=\"has-text-align-left\" data-align=\"left\">1972<\/td><td>Herz in der Lederhos&#8217;n <\/td><\/tr><tr><td class=\"has-text-align-left\" data-align=\"left\">1971<\/td><td>S&#8216; Marterl am J\u00e4gersteig <\/td><\/tr><tr><td class=\"has-text-align-left\" data-align=\"left\">1970<\/td><td>S&#8216; Gl\u00fcck vom Riedhof <\/td><\/tr><tr><td class=\"has-text-align-left\" data-align=\"left\">1969<\/td><td>Der Hellseher vom <br>Untersberg <\/td><\/tr><tr><td class=\"has-text-align-left\" data-align=\"left\">1968<\/td><td>Da ist der Wurm drin <\/td><\/tr><tr><td class=\"has-text-align-left\" data-align=\"left\">1967<\/td><td>Der siebente Bua <\/td><\/tr><tr><td class=\"has-text-align-left\" data-align=\"left\">1966<\/td><td>Das Steinerne Herz <\/td><\/tr><tr><td class=\"has-text-align-left\" data-align=\"left\">1965<\/td><td>Am Weg zur Heimat <\/td><\/tr><tr><td class=\"has-text-align-left\" data-align=\"left\">1964<\/td><td>Das Pr\u00e4mienkind <\/td><\/tr><tr><td class=\"has-text-align-left\" data-align=\"left\">1963<\/td><td>S&#8216; Liserl vom Berghof <\/td><\/tr><tr><td class=\"has-text-align-left\" data-align=\"left\">1962<\/td><td>Herzlichst unwillkommen <br>und <br>Seine Majest\u00e4t <br>der Kurgast <\/td><\/tr><tr><td class=\"has-text-align-left\" data-align=\"left\">1961<\/td><td>Um Gl\u00fcck und Heimat <br>und Die Heiratswette <\/td><\/tr><tr><td class=\"has-text-align-left\" data-align=\"left\">1960<\/td><td>S&#8216; Gl\u00fcck vom Seehof und <br>Der Gstanzls\u00e4nger <br>vom Zillerthal <\/td><\/tr><tr><td class=\"has-text-align-left\" data-align=\"left\">1959<\/td><td>Der Wildsch\u00fctz vom <br>K\u00f6nigssee <\/td><\/tr><tr><td class=\"has-text-align-left\" data-align=\"left\">1958<\/td><td>Der Kreuzhofbauer <\/td><\/tr><tr><td class=\"has-text-align-left\" data-align=\"left\">1957<\/td><td>S&#8216; R\u00f6serl vom Falkenstein <\/td><\/tr><tr><td class=\"has-text-align-left\" data-align=\"left\">1956<\/td><td>Das Liebesbarometer und <br>Im Austragsst\u00fcberl <\/td><\/tr><tr><td class=\"has-text-align-left\" data-align=\"left\">1955<\/td><td>Der Brandner Kasper und <br>Die Drei Eisb\u00e4rn <\/td><\/tr><tr><td class=\"has-text-align-left\" data-align=\"left\">1954<\/td><td>Thomas auf der Himmelsleiter <br>und Die falsche Katz <\/td><\/tr><tr><td class=\"has-text-align-left\" data-align=\"left\">1953<\/td><td>Der Verbotene Weg und <br>Latschenbauernsepp <br>auf Brautschau <\/td><\/tr><tr><td class=\"has-text-align-left\" data-align=\"left\">1952<\/td><td>Der verkaufte Gro\u00dfvater <br>und die Ausgesto\u00dfene <\/td><\/tr><tr><td class=\"has-text-align-left\" data-align=\"left\">1951<\/td><td>S&#8216; Stoanerne Herz und <br>Die R\u00e4uber <br>auf Maria Kulm <\/td><\/tr><tr><td class=\"has-text-align-left\" data-align=\"left\">1950<\/td><td>S&#8216; Gl\u00fcck vom Riedhof <br>und Tatzlwurm <\/td><\/tr><tr><td class=\"has-text-align-left\" data-align=\"left\">1949<\/td><td>Der Ehestreik <\/td><\/tr><\/tbody><\/table><\/figure>\n","protected":false},"excerpt":{"rendered":"<p>2019Drei Weiber und oa Gockel 2018Nix Amore am Lago Maggiore 2017K\u00fcsse f\u00fcr die Tanten 2016Die Junggesellen-hochzeit 2015Der LausbuaImpressionen 2014Dreistes St\u00fcckim Greisengl\u00fcckImpressionen 2013Opa, es reicht!Impressionen 2012Da PfennigfuchserImpressionen 2011Blo\u00df koan SchnapsImpressionen 2010Das Loch in der WandImpressionen 2009Der fidele HauslImpressionen 2008 Urlaub vom Doppelbett 2007 Das rotseiderne H\u00f6serl 2006 Ferien am Bauernhof 2005 Finger weg vom Internet, Opa [&hellip;]<\/p>\n","protected":false},"author":1,"featured_media":0,"parent":841,"menu_order":0,"comment_status":"closed","ping_status":"closed","template":"","meta":{"_genesis_hide_title":false,"_genesis_hide_breadcrumbs":false,"_genesis_hide_singular_image":false,"_genesis_hide_footer_widgets":false,"_genesis_custom_body_class":"","_genesis_custom_post_class":"","_genesis_layout":"full-width-content","footnotes":""},"class_list":{"0":"post-874","1":"page","2":"type-page","3":"status-publish","5":"entry"},"featured_image_src":null,"featured_image_src_square":null,"_links":{"self":[{"href":"https:\/\/feuerwehr-kollnburg.de\/index.php?rest_route=\/wp\/v2\/pages\/874","targetHints":{"allow":["GET"]}}],"collection":[{"href":"https:\/\/feuerwehr-kollnburg.de\/index.php?rest_route=\/wp\/v2\/pages"}],"about":[{"href":"https:\/\/feuerwehr-kollnburg.de\/index.php?rest_route=\/wp\/v2\/types\/page"}],"author":[{"embeddable":true,"href":"https:\/\/feuerwehr-kollnburg.de\/index.php?rest_route=\/wp\/v2\/users\/1"}],"replies":[{"embeddable":true,"href":"https:\/\/feuerwehr-kollnburg.de\/index.php?rest_route=%2Fwp%2Fv2%2Fcomments&post=874"}],"version-history":[{"count":40,"href":"https:\/\/feuerwehr-kollnburg.de\/index.php?rest_route=\/wp\/v2\/pages\/874\/revisions"}],"predecessor-version":[{"id":1182,"href":"https:\/\/feuerwehr-kollnburg.de\/index.php?rest_route=\/wp\/v2\/pages\/874\/revisions\/1182"}],"up":[{"embeddable":true,"href":"https:\/\/feuerwehr-kollnburg.de\/index.php?rest_route=\/wp\/v2\/pages\/841"}],"wp:attachment":[{"href":"https:\/\/feuerwehr-kollnburg.de\/index.php?rest_route=%2Fwp%2Fv2%2Fmedia&parent=874"}],"curies":[{"name":"wp","href":"https:\/\/api.w.org\/{rel}","templated":true}]}}