{"id":865,"date":"2020-11-07T11:56:46","date_gmt":"2020-11-07T11:56:46","guid":{"rendered":"https:\/\/feuerwehr-kollnburg.de\/?page_id=865"},"modified":"2020-11-07T12:01:17","modified_gmt":"2020-11-07T12:01:17","slug":"vom-verzauberten-fruehstueck-bis-zu","status":"publish","type":"page","link":"https:\/\/feuerwehr-kollnburg.de\/?page_id=865","title":{"rendered":"Theaterchronik"},"content":{"rendered":"\n<h3 class=\"wp-block-heading\"><strong>Vom \u201everzauberten Fr\u00fchst\u00fcck\u201c bis zu ???<\/strong><\/h3>\n\n\n\n<p>Im Jahr 2008, ist die Freiwillige Feuerwehr Kollnburg 135 Jahre alt geworden und kann sich zu dem noch \u00fcber ein besonderes Jubil\u00e4um freuen. Die Theaterspielgruppe feiert ihr<br>100 j\u00e4hriges Jubil\u00e4um.<br>Vor 100 Jahren, am 2. M\u00e4rz 1908, trat das Laienspieltheater der FF Kollnburg erstmals in Szene. Dieses Jubil\u00e4um verdient besondere W\u00fcrdigung, da seit den Anf\u00e4ngen vor 100 Jahren diese Theatertradition ungebrochen fortgesetzt wurde. Lediglich in den Kriegsjahren gab es eine Unterbrechung. In den letzten Jahren haben drei M\u00e4nner das Theater der Kollnburger Wehr besonders gepr\u00e4gt. Der Jahrelange Regisseur Hannes Biebl (40 Jahre Laientheater-erfahrung), sein Nachfolger Johann M\u00fchlbauer sowie Hans Fraundorfner der seit 50 Jahren als Schauspieler auf der B\u00fchne das Publikum zum Lachen bringt.<\/p>\n\n\n\n<p>Alois Prei\u00df als damaliger Kassier der Feuerwehr Kollnburg-Rechertsried hielt am 2. M\u00e4rz 1908 seine Antrittsrede zu Er\u00f6ffnung des Theaters der Freiwilligen Feuerwehr. \u2026<\/p>\n\n\n\n<div class=\"wp-block-image\"><figure class=\"aligncenter size-large\"><img loading=\"lazy\" decoding=\"async\" width=\"233\" height=\"156\" src=\"https:\/\/feuerwehr-kollnburg.de\/wp-content\/uploads\/2020\/11\/Theaterchronik_Foto1.jpg\" alt=\"\" class=\"wp-image-866\"\/><\/figure><\/div>\n\n\n\n<h3 class=\"wp-block-heading\"><strong>Plakat blieb erhalten<\/strong><\/h3>\n\n\n\n<p>\u2026 Frohe und Unterhaltsame Stunden wurden den Theaterbesuchern gewiss beschert in den 100 Jahren des Bestehens \u2026<br>\u2026 auch wenn die Eintrittspreise sich gewaltig ge\u00e4ndert haben . 1908 kostete der 1. Platz nur 50 Pfennige, der 2. Platz 30 Pfennige und der Stehplatz gar nur 20 Pfennige. Beachtenswert dabei auch der Jugendschutz: Zur Abendveranstaltung hatten Kinder keinen Zutritt. \u2026<\/p>\n\n\n\n<p>\u2026 blieb auch ein Plakat erhalten, ausgef\u00fchrt von der Druckerei Lackerbauer in Viechtach, das den 2.M\u00e4rz 1908 als Urauff\u00fchrungsdatum eines Theaterst\u00fcckes durch die FFW Kollnburg ausweist. Zur Auff\u00fchrung gelangten damals zwei St\u00fccke: \u201eDas verzauberte Fr\u00fchst\u00fcck\u201c (Posse in einem Aufzug) und \u201eDer grobe Wirt\u201c (Humoristisches Ensemble mit Gesang). \u2026<\/p>\n\n\n\n<div class=\"wp-block-image\"><figure class=\"aligncenter size-large is-resized\"><img loading=\"lazy\" decoding=\"async\" src=\"https:\/\/feuerwehr-kollnburg.de\/wp-content\/uploads\/2020\/11\/Theaterchronik_Foto2.jpg\" alt=\"\" class=\"wp-image-867\" width=\"377\" height=\"430\"\/><\/figure><\/div>\n\n\n\n<h3 class=\"wp-block-heading\"><strong>An Stefani Premiere<\/strong><\/h3>\n\n\n\n<p> \u2026 Aus den Protokollb\u00fcchern der Wehr ist ersichtlich, dass am 19.12.1937 von der Katholischen Kirchengemeinde Kollnburg die B\u00fchne mit allem Zubeh\u00f6r aus dem Bestand des ehemaligen Burschenvereins und dessen Theatertradition zum Preis von 60 Reichsmark erworben wurde. \u201eMit diesem Kauf erwarb sich die Freiwillige Feuerwehr Kollnburg die Theaterkonzession\u201c, hei\u00dft es in den B\u00fcchern. Als Gegenleistung f\u00fcr die Kirchenverwaltung sollte der zweite Weihnachtsfeiertag immer Spielfrei bleiben. Diese Abmachung gilt heute nicht mehr. Im Zuge eines aufbl\u00fchenden Tourismus im Ort ist jetzt an Stefani Premiere. <\/p>\n\n\n\n<h3 class=\"wp-block-heading\"><strong>Nahezu l\u00fcckenloses Verzeichnis aller aufgef\u00fchrten St\u00fccke seit 1949 vorhanden<\/strong><\/h3>\n\n\n\n<p>Wie sich die Kriegsjahre auf die Theaterauff\u00fchrungen auswirkten ist nicht bekannt. Dank einer Auflistung durch Regisseur Hannes Biebl liegt jedoch ein nahezu l\u00fcckenloses Verzeichnis aller aufgef\u00fchrten St\u00fccke seit dem Jahre 1949 vor, zum Teil mit Besetzungsangaben. \u2026<br>\u2026 seit der Spielsaison 1978\/79 leitete Hannes Biebl als umsichtiger Regisseur die Akteure an, traf die Auswahl der St\u00fccke, verteilte die Rollen, sorgte f\u00fcr passende Kulissen und Ausstattung. In dieser verantwortungsvollen Aufgabe l\u00f6ste er damals Karl Biebl ab, Theatererfahrung brachte Hannes Biebl mit, denn zuvor agierte er schon 20 Jahre auf der B\u00fchne als Schauspiler.<br>Mittlerweile ist auch Hannes Biebl\u2019s Nachfolger, Johann M\u00fchlbauer, schon wieder seit der Spielsaison 2000\/2001, als Regisseur, im Amt. Und k\u00fcmmert sich um all die Aufgabe die zuvor auch f\u00fcr Hannes Biebl zutrafen. Bereits in den Sommermonaten l\u00e4sst er sich Sto\u00dfweise B\u00fchnenmaterial von den Verlagen zu kommen um an den Auff\u00fchrungstagen das Publikum mit seiner Theatergruppe zu verzaubern.<br>Als Garant f\u00fcr Lacher und Szenenapplaus ist seit seinem 18. Lebensjahr, damit seit 50 Jahren, ein Pfiffikus als Schauspieler auf der B\u00fchne: Hans Fraundorfner. Gro\u00dfes schauspielerisches Talent ist diesem inzwischen \u201ealten Theaterfuchs\u201c zu eigen. Mit ihm ist man sicher, dass sich das Publikum vor Lachen biegt.<\/p>\n\n\n\n<p>Doch auch die nachwachsenden Talente zeigen, dass dem Kollnburger Feuerwehrtheater f\u00fcr die Zukunft nicht bange sein braucht. Ein jeweils ausgebuchter Saal zu Stefani, Neujahr und Dreik\u00f6nig ist sch\u00f6nster Dank f\u00fcr unerm\u00fcdliche Probenarbeit und Beweis f\u00fcr schauspielerisches K\u00f6nnen.<\/p>\n\n\n\n<h3 class=\"wp-block-heading\">Q<strong>uelle und Dank<\/strong><\/h3>\n\n\n\n<p>Der Text entstammt dem Buch \u201eKollnburg \u2013 Ein Dorf erinnert sich\u201c von Evelyne Wittenzellner aus dem Jahre 1998. Er wurde Stellenweise durch aktuelle Gegebenheiten angepasst.<\/p>\n\n\n\n<p>Die Bilder stammen aus einem Archiv von Evelyne Wittenzellner und Lothar G\u00e4rtling. Vielen Dank an Evelyne Wittenzellner. <\/p>\n","protected":false},"excerpt":{"rendered":"<p>Vom \u201everzauberten Fr\u00fchst\u00fcck\u201c bis zu ??? Im Jahr 2008, ist die Freiwillige Feuerwehr Kollnburg 135 Jahre alt geworden und kann sich zu dem noch \u00fcber ein besonderes Jubil\u00e4um freuen. Die Theaterspielgruppe feiert ihr100 j\u00e4hriges Jubil\u00e4um.Vor 100 Jahren, am 2. M\u00e4rz 1908, trat das Laienspieltheater der FF Kollnburg erstmals in Szene. Dieses Jubil\u00e4um verdient besondere W\u00fcrdigung, [&hellip;]<\/p>\n","protected":false},"author":1,"featured_media":0,"parent":841,"menu_order":0,"comment_status":"closed","ping_status":"closed","template":"","meta":{"_genesis_hide_title":false,"_genesis_hide_breadcrumbs":false,"_genesis_hide_singular_image":false,"_genesis_hide_footer_widgets":false,"_genesis_custom_body_class":"","_genesis_custom_post_class":"","_genesis_layout":"full-width-content","footnotes":""},"class_list":{"0":"post-865","1":"page","2":"type-page","3":"status-publish","5":"entry"},"featured_image_src":null,"featured_image_src_square":null,"_links":{"self":[{"href":"https:\/\/feuerwehr-kollnburg.de\/index.php?rest_route=\/wp\/v2\/pages\/865","targetHints":{"allow":["GET"]}}],"collection":[{"href":"https:\/\/feuerwehr-kollnburg.de\/index.php?rest_route=\/wp\/v2\/pages"}],"about":[{"href":"https:\/\/feuerwehr-kollnburg.de\/index.php?rest_route=\/wp\/v2\/types\/page"}],"author":[{"embeddable":true,"href":"https:\/\/feuerwehr-kollnburg.de\/index.php?rest_route=\/wp\/v2\/users\/1"}],"replies":[{"embeddable":true,"href":"https:\/\/feuerwehr-kollnburg.de\/index.php?rest_route=%2Fwp%2Fv2%2Fcomments&post=865"}],"version-history":[{"count":4,"href":"https:\/\/feuerwehr-kollnburg.de\/index.php?rest_route=\/wp\/v2\/pages\/865\/revisions"}],"predecessor-version":[{"id":873,"href":"https:\/\/feuerwehr-kollnburg.de\/index.php?rest_route=\/wp\/v2\/pages\/865\/revisions\/873"}],"up":[{"embeddable":true,"href":"https:\/\/feuerwehr-kollnburg.de\/index.php?rest_route=\/wp\/v2\/pages\/841"}],"wp:attachment":[{"href":"https:\/\/feuerwehr-kollnburg.de\/index.php?rest_route=%2Fwp%2Fv2%2Fmedia&parent=865"}],"curies":[{"name":"wp","href":"https:\/\/api.w.org\/{rel}","templated":true}]}}