{"id":514,"date":"2020-04-18T12:58:11","date_gmt":"2020-04-18T12:58:11","guid":{"rendered":"https:\/\/feuerwehr-kollnburg.de\/?page_id=514"},"modified":"2025-12-18T15:40:50","modified_gmt":"2025-12-18T15:40:50","slug":"einsaetze-historie","status":"publish","type":"page","link":"https:\/\/feuerwehr-kollnburg.de\/?page_id=514","title":{"rendered":"Eins\u00e4tze Historie"},"content":{"rendered":"\n<figure class=\"wp-block-table is-style-regular\"><table><tbody><tr><td><img loading=\"lazy\" decoding=\"async\" width=\"150\" height=\"113\" class=\"wp-image-5210\" style=\"width: 150px;\" src=\"https:\/\/feuerwehr-kollnburg.de\/wp-content\/uploads\/2025\/05\/Einsatz_Brand.jpg\" alt=\"\" srcset=\"https:\/\/feuerwehr-kollnburg.de\/wp-content\/uploads\/2025\/05\/Einsatz_Brand.jpg 917w, https:\/\/feuerwehr-kollnburg.de\/wp-content\/uploads\/2025\/05\/Einsatz_Brand-300x225.jpg 300w, https:\/\/feuerwehr-kollnburg.de\/wp-content\/uploads\/2025\/05\/Einsatz_Brand-768x576.jpg 768w, https:\/\/feuerwehr-kollnburg.de\/wp-content\/uploads\/2025\/05\/Einsatz_Brand-702x526.jpg 702w\" sizes=\"auto, (max-width: 150px) 100vw, 150px\" \/><br><a href=\"https:\/\/feuerwehr-kollnburg.de\/?page_id=5283\" data-type=\"page\" data-id=\"5283\">Eins\u00e4tze 2025<\/a><\/td><\/tr><tr><td><img loading=\"lazy\" decoding=\"async\" width=\"150\" height=\"84\" class=\"wp-image-5044\" style=\"width: 150px;\" src=\"https:\/\/feuerwehr-kollnburg.de\/wp-content\/uploads\/2024\/01\/Foto_1.jpg\" alt=\"\" srcset=\"https:\/\/feuerwehr-kollnburg.de\/wp-content\/uploads\/2024\/01\/Foto_1.jpg 1440w, https:\/\/feuerwehr-kollnburg.de\/wp-content\/uploads\/2024\/01\/Foto_1-300x168.jpg 300w, https:\/\/feuerwehr-kollnburg.de\/wp-content\/uploads\/2024\/01\/Foto_1-1024x574.jpg 1024w, https:\/\/feuerwehr-kollnburg.de\/wp-content\/uploads\/2024\/01\/Foto_1-768x430.jpg 768w\" sizes=\"auto, (max-width: 150px) 100vw, 150px\" \/><br><a href=\"https:\/\/feuerwehr-kollnburg.de\/?page_id=5279\" data-type=\"page\" data-id=\"5279\">Eins\u00e4tze 2024<\/a><\/td><\/tr><tr><td><img loading=\"lazy\" decoding=\"async\" width=\"150\" height=\"188\" class=\"wp-image-4974\" style=\"width: 150px;\" src=\"https:\/\/feuerwehr-kollnburg.de\/wp-content\/uploads\/2023\/12\/Vorschau_2023.jpg\" alt=\"\" srcset=\"https:\/\/feuerwehr-kollnburg.de\/wp-content\/uploads\/2023\/12\/Vorschau_2023.jpg 1079w, https:\/\/feuerwehr-kollnburg.de\/wp-content\/uploads\/2023\/12\/Vorschau_2023-240x300.jpg 240w, https:\/\/feuerwehr-kollnburg.de\/wp-content\/uploads\/2023\/12\/Vorschau_2023-818x1024.jpg 818w, https:\/\/feuerwehr-kollnburg.de\/wp-content\/uploads\/2023\/12\/Vorschau_2023-768x962.jpg 768w\" sizes=\"auto, (max-width: 150px) 100vw, 150px\" \/><br><a href=\"https:\/\/feuerwehr-kollnburg.de\/?page_id=4971\" data-type=\"page\" data-id=\"4971\">Eins\u00e4tze 2023<\/a><\/td><\/tr><tr><td><img loading=\"lazy\" decoding=\"async\" width=\"150\" height=\"84\" class=\"wp-image-4969\" style=\"width: 150px;\" src=\"https:\/\/feuerwehr-kollnburg.de\/wp-content\/uploads\/2023\/12\/Vorschau_2022.jpg\" alt=\"\" srcset=\"https:\/\/feuerwehr-kollnburg.de\/wp-content\/uploads\/2023\/12\/Vorschau_2022.jpg 1440w, https:\/\/feuerwehr-kollnburg.de\/wp-content\/uploads\/2023\/12\/Vorschau_2022-300x169.jpg 300w, https:\/\/feuerwehr-kollnburg.de\/wp-content\/uploads\/2023\/12\/Vorschau_2022-1024x576.jpg 1024w, https:\/\/feuerwehr-kollnburg.de\/wp-content\/uploads\/2023\/12\/Vorschau_2022-768x432.jpg 768w\" sizes=\"auto, (max-width: 150px) 100vw, 150px\" \/><br><a href=\"https:\/\/feuerwehr-kollnburg.de\/?page_id=4964\" data-type=\"page\" data-id=\"4964\">Eins\u00e4tze 2022<\/a><\/td><\/tr><tr><td><img loading=\"lazy\" decoding=\"async\" width=\"150\" height=\"84\" class=\"wp-image-4148\" style=\"width: 150px;\" src=\"https:\/\/feuerwehr-kollnburg.de\/wp-content\/uploads\/2022\/01\/Vorschau_Eins\u00e4tze_2021.jpg\" alt=\"\" srcset=\"https:\/\/feuerwehr-kollnburg.de\/wp-content\/uploads\/2022\/01\/Vorschau_Eins\u00e4tze_2021.jpg 1440w, https:\/\/feuerwehr-kollnburg.de\/wp-content\/uploads\/2022\/01\/Vorschau_Eins\u00e4tze_2021-300x169.jpg 300w, https:\/\/feuerwehr-kollnburg.de\/wp-content\/uploads\/2022\/01\/Vorschau_Eins\u00e4tze_2021-1024x576.jpg 1024w, https:\/\/feuerwehr-kollnburg.de\/wp-content\/uploads\/2022\/01\/Vorschau_Eins\u00e4tze_2021-768x432.jpg 768w\" sizes=\"auto, (max-width: 150px) 100vw, 150px\" \/><br><a href=\"https:\/\/feuerwehr-kollnburg.de\/?page_id=4150\">Eins\u00e4tze 2021<\/a><\/td><\/tr><tr><td><img loading=\"lazy\" decoding=\"async\" width=\"150\" height=\"68\" class=\"wp-image-4145\" style=\"width: 150px;\" src=\"https:\/\/feuerwehr-kollnburg.de\/wp-content\/uploads\/2022\/01\/Vorschau_Eins\u00e4tze_2020.jpg\" alt=\"\" srcset=\"https:\/\/feuerwehr-kollnburg.de\/wp-content\/uploads\/2022\/01\/Vorschau_Eins\u00e4tze_2020.jpg 768w, https:\/\/feuerwehr-kollnburg.de\/wp-content\/uploads\/2022\/01\/Vorschau_Eins\u00e4tze_2020-300x135.jpg 300w\" sizes=\"auto, (max-width: 150px) 100vw, 150px\" \/><br><a href=\"https:\/\/feuerwehr-kollnburg.de\/?page_id=4143\">Eins\u00e4tze 2020<\/a><\/td><\/tr><tr><td><img loading=\"lazy\" decoding=\"async\" width=\"150\" height=\"101\" class=\"wp-image-3570\" style=\"width: 150px;\" src=\"https:\/\/feuerwehr-kollnburg.de\/wp-content\/uploads\/2020\/12\/Winter_2019.jpg\" alt=\"\" srcset=\"https:\/\/feuerwehr-kollnburg.de\/wp-content\/uploads\/2020\/12\/Winter_2019.jpg 1108w, https:\/\/feuerwehr-kollnburg.de\/wp-content\/uploads\/2020\/12\/Winter_2019-300x201.jpg 300w, https:\/\/feuerwehr-kollnburg.de\/wp-content\/uploads\/2020\/12\/Winter_2019-1024x687.jpg 1024w, https:\/\/feuerwehr-kollnburg.de\/wp-content\/uploads\/2020\/12\/Winter_2019-768x515.jpg 768w, https:\/\/feuerwehr-kollnburg.de\/wp-content\/uploads\/2020\/12\/Winter_2019-600x400.jpg 600w\" sizes=\"auto, (max-width: 150px) 100vw, 150px\" \/><br><a href=\"https:\/\/feuerwehr-kollnburg.de\/?page_id=520\">Eins\u00e4tze 2019<\/a> <\/td><\/tr><tr><td><img loading=\"lazy\" decoding=\"async\" width=\"150\" height=\"78\" class=\"wp-image-3572\" style=\"width: 150px;\" src=\"https:\/\/feuerwehr-kollnburg.de\/wp-content\/uploads\/2020\/12\/safe_image.jpg\" alt=\"\" srcset=\"https:\/\/feuerwehr-kollnburg.de\/wp-content\/uploads\/2020\/12\/safe_image.jpg 476w, https:\/\/feuerwehr-kollnburg.de\/wp-content\/uploads\/2020\/12\/safe_image-300x156.jpg 300w\" sizes=\"auto, (max-width: 150px) 100vw, 150px\" \/><br><a href=\"https:\/\/feuerwehr-kollnburg.de\/?page_id=633\">Eins\u00e4tze 2018<\/a> <\/td><\/tr><tr><td><img loading=\"lazy\" decoding=\"async\" width=\"150\" height=\"78\" class=\"wp-image-3573\" style=\"width: 150px;\" src=\"https:\/\/feuerwehr-kollnburg.de\/wp-content\/uploads\/2020\/12\/Foto_3-1.jpg\" alt=\"\" srcset=\"https:\/\/feuerwehr-kollnburg.de\/wp-content\/uploads\/2020\/12\/Foto_3-1.jpg 750w, https:\/\/feuerwehr-kollnburg.de\/wp-content\/uploads\/2020\/12\/Foto_3-1-300x156.jpg 300w\" sizes=\"auto, (max-width: 150px) 100vw, 150px\" \/><br><a href=\"https:\/\/feuerwehr-kollnburg.de\/?page_id=694\">Eins\u00e4tze 2017<\/a> <\/td><\/tr><tr><td><img loading=\"lazy\" decoding=\"async\" width=\"150\" height=\"113\" class=\"wp-image-3579\" style=\"width: 150px;\" src=\"https:\/\/feuerwehr-kollnburg.de\/wp-content\/uploads\/2020\/12\/Vorschau.jpg\" alt=\"\" srcset=\"https:\/\/feuerwehr-kollnburg.de\/wp-content\/uploads\/2020\/12\/Vorschau.jpg 600w, https:\/\/feuerwehr-kollnburg.de\/wp-content\/uploads\/2020\/12\/Vorschau-300x225.jpg 300w\" sizes=\"auto, (max-width: 150px) 100vw, 150px\" \/><br><a href=\"https:\/\/feuerwehr-kollnburg.de\/?page_id=3575\"> Eins\u00e4tze 2016 <\/a><\/td><\/tr><tr><td><a href=\"https:\/\/feuerwehr-kollnburg.de\/?page_id=3581\">Eins\u00e4tze 2015<\/a><\/td><\/tr><tr><td><a href=\"https:\/\/feuerwehr-kollnburg.de\/?page_id=3584\">Eins\u00e4tze 2014<\/a><\/td><\/tr><tr><td><a href=\"https:\/\/feuerwehr-kollnburg.de\/?page_id=3587\">Eins\u00e4tze 2013<\/a><\/td><\/tr><tr><td><a href=\"https:\/\/feuerwehr-kollnburg.de\/?page_id=3590\">Eins\u00e4tze 2012<\/a><\/td><\/tr><tr><td><a href=\"https:\/\/feuerwehr-kollnburg.de\/?page_id=3593\">Eins\u00e4tze 2011<\/a><\/td><\/tr><tr><td><\/td><\/tr><tr><td><a href=\"https:\/\/feuerwehr-kollnburg.de\/?page_id=3596\">Eins\u00e4tze bis 2010<\/a><\/td><\/tr><\/tbody><\/table><\/figure>\n\n\n\n<p><\/p>\n","protected":false},"excerpt":{"rendered":"<p>Eins\u00e4tze 2025 Eins\u00e4tze 2024 Eins\u00e4tze 2023 Eins\u00e4tze 2022 Eins\u00e4tze 2021 Eins\u00e4tze 2020 Eins\u00e4tze 2019 Eins\u00e4tze 2018 Eins\u00e4tze 2017 Eins\u00e4tze 2016 Eins\u00e4tze 2015 Eins\u00e4tze 2014 Eins\u00e4tze 2013 Eins\u00e4tze 2012 Eins\u00e4tze 2011 Eins\u00e4tze bis 2010<\/p>\n","protected":false},"author":1,"featured_media":0,"parent":4137,"menu_order":0,"comment_status":"closed","ping_status":"closed","template":"","meta":{"_genesis_hide_title":false,"_genesis_hide_breadcrumbs":false,"_genesis_hide_singular_image":false,"_genesis_hide_footer_widgets":false,"_genesis_custom_body_class":"","_genesis_custom_post_class":"","_genesis_layout":"full-width-content","footnotes":""},"class_list":{"0":"post-514","1":"page","2":"type-page","3":"status-publish","5":"entry"},"featured_image_src":null,"featured_image_src_square":null,"_links":{"self":[{"href":"https:\/\/feuerwehr-kollnburg.de\/index.php?rest_route=\/wp\/v2\/pages\/514","targetHints":{"allow":["GET"]}}],"collection":[{"href":"https:\/\/feuerwehr-kollnburg.de\/index.php?rest_route=\/wp\/v2\/pages"}],"about":[{"href":"https:\/\/feuerwehr-kollnburg.de\/index.php?rest_route=\/wp\/v2\/types\/page"}],"author":[{"embeddable":true,"href":"https:\/\/feuerwehr-kollnburg.de\/index.php?rest_route=\/wp\/v2\/users\/1"}],"replies":[{"embeddable":true,"href":"https:\/\/feuerwehr-kollnburg.de\/index.php?rest_route=%2Fwp%2Fv2%2Fcomments&post=514"}],"version-history":[{"count":41,"href":"https:\/\/feuerwehr-kollnburg.de\/index.php?rest_route=\/wp\/v2\/pages\/514\/revisions"}],"predecessor-version":[{"id":5289,"href":"https:\/\/feuerwehr-kollnburg.de\/index.php?rest_route=\/wp\/v2\/pages\/514\/revisions\/5289"}],"up":[{"embeddable":true,"href":"https:\/\/feuerwehr-kollnburg.de\/index.php?rest_route=\/wp\/v2\/pages\/4137"}],"wp:attachment":[{"href":"https:\/\/feuerwehr-kollnburg.de\/index.php?rest_route=%2Fwp%2Fv2%2Fmedia&parent=514"}],"curies":[{"name":"wp","href":"https:\/\/api.w.org\/{rel}","templated":true}]}}