{"id":4103,"date":"2022-01-15T17:10:16","date_gmt":"2022-01-15T17:10:16","guid":{"rendered":"https:\/\/feuerwehr-kollnburg.de\/?page_id=4103"},"modified":"2022-01-15T17:20:15","modified_gmt":"2022-01-15T17:20:15","slug":"funktionswesten","status":"publish","type":"page","link":"https:\/\/feuerwehr-kollnburg.de\/?page_id=4103","title":{"rendered":"Funktionswesten"},"content":{"rendered":"\n<figure class=\"wp-block-gallery columns-1 is-cropped wp-block-gallery-1 is-layout-flex wp-block-gallery-is-layout-flex\"><ul class=\"blocks-gallery-grid\"><li class=\"blocks-gallery-item\"><figure><a href=\"https:\/\/feuerwehr-kollnburg.de\/wp-content\/uploads\/2022\/01\/Funktionswesten_Uebersicht-1.jpg\"><img loading=\"lazy\" decoding=\"async\" width=\"1024\" height=\"682\" src=\"https:\/\/feuerwehr-kollnburg.de\/wp-content\/uploads\/2022\/01\/Funktionswesten_Uebersicht-1-1024x682.jpg\" alt=\"\" data-id=\"4104\" data-full-url=\"https:\/\/feuerwehr-kollnburg.de\/wp-content\/uploads\/2022\/01\/Funktionswesten_Uebersicht-1.jpg\" data-link=\"https:\/\/feuerwehr-kollnburg.de\/?attachment_id=4104\" class=\"wp-image-4104\" srcset=\"https:\/\/feuerwehr-kollnburg.de\/wp-content\/uploads\/2022\/01\/Funktionswesten_Uebersicht-1-1024x682.jpg 1024w, https:\/\/feuerwehr-kollnburg.de\/wp-content\/uploads\/2022\/01\/Funktionswesten_Uebersicht-1-300x200.jpg 300w, https:\/\/feuerwehr-kollnburg.de\/wp-content\/uploads\/2022\/01\/Funktionswesten_Uebersicht-1-768x512.jpg 768w, https:\/\/feuerwehr-kollnburg.de\/wp-content\/uploads\/2022\/01\/Funktionswesten_Uebersicht-1-600x400.jpg 600w, https:\/\/feuerwehr-kollnburg.de\/wp-content\/uploads\/2022\/01\/Funktionswesten_Uebersicht-1.jpg 1387w\" sizes=\"auto, (max-width: 1024px) 100vw, 1024px\" \/><\/a><\/figure><\/li><\/ul><\/figure>\n\n\n\n<p>In der Feuerwehr laufen manche Kameraden mit farbigen Westen, egal ob auf \u00dcbungen oder Eins\u00e4tzen rum. <br>Dies ist kein modischer Trend oder Faschingsverkleidung, es dient als Funktionskennzeichnung. <br>Die Funktionswesten gibt es in verschiedenen Farben und haben dann auch verschiedene Funktionen.<\/p>\n\n\n\n<p>In der Feuerwehr Kollnburg gibt es folgende Funktionswesten:<\/p>\n\n\n\n<h2 class=\"wp-block-heading\"><strong>Gruppenf\u00fchrer<\/strong><\/h2>\n\n\n\n<div class=\"wp-block-columns is-layout-flex wp-container-core-columns-is-layout-9d6595d7 wp-block-columns-is-layout-flex\">\n<div class=\"wp-block-column is-layout-flow wp-block-column-is-layout-flow\">\n<figure class=\"wp-block-gallery columns-1 is-cropped wp-block-gallery-2 is-layout-flex wp-block-gallery-is-layout-flex\"><ul class=\"blocks-gallery-grid\"><li class=\"blocks-gallery-item\"><figure><a href=\"https:\/\/feuerwehr-kollnburg.de\/wp-content\/uploads\/2022\/01\/Gruppenf\u00fchrer.jpg\"><img loading=\"lazy\" decoding=\"async\" width=\"649\" height=\"976\" src=\"https:\/\/feuerwehr-kollnburg.de\/wp-content\/uploads\/2022\/01\/Gruppenf\u00fchrer.jpg\" alt=\"\" data-id=\"4105\" data-full-url=\"https:\/\/feuerwehr-kollnburg.de\/wp-content\/uploads\/2022\/01\/Gruppenf\u00fchrer.jpg\" data-link=\"https:\/\/feuerwehr-kollnburg.de\/?attachment_id=4105\" class=\"wp-image-4105\" srcset=\"https:\/\/feuerwehr-kollnburg.de\/wp-content\/uploads\/2022\/01\/Gruppenf\u00fchrer.jpg 649w, https:\/\/feuerwehr-kollnburg.de\/wp-content\/uploads\/2022\/01\/Gruppenf\u00fchrer-199x300.jpg 199w\" sizes=\"auto, (max-width: 649px) 100vw, 649px\" \/><\/a><\/figure><\/li><\/ul><\/figure>\n<\/div>\n\n\n\n<div class=\"wp-block-column is-layout-flow wp-block-column-is-layout-flow\">\n<p>Der Gruppenf\u00fchrer oder auch Fahrzeugf\u00fchrer ist der der vorne\nrechts im Fahrzeug sitzt. <\/p>\n\n\n\n<p>Der Gruppenf\u00fchrer ist der \u201eChef\u201c des Fahrzeuges bzw. seiner Gruppe. Die Gruppe ist die Besatzung des Fahrzeuges und besteht aus 1\/8 Personen.<\/p>\n\n\n\n<p>1x Gruppenf\u00fchrer &amp;<br>8x Feuerwehrm\u00e4nner \/ Feuerwehrfrauen<\/p>\n\n\n\n<p>Der Gruppenf\u00fchrer hat eine blaue Weste mit dem Funkrufnamen des\njeweiligen Feuerwehrautos. <\/p>\n\n\n\n<p>Bei uns Kollnburg 40\/1, 48\/1 oder 14\/1.<\/p>\n<\/div>\n<\/div>\n\n\n\n<h2 class=\"wp-block-heading\"><strong>Atemschutz<\/strong><\/h2>\n\n\n\n<p> F\u00fcr den Bereich Atemschutz verwenden wir 2 Funktionswesten. <\/p>\n\n\n\n<div class=\"wp-block-columns is-layout-flex wp-container-core-columns-is-layout-9d6595d7 wp-block-columns-is-layout-flex\">\n<div class=\"wp-block-column is-layout-flow wp-block-column-is-layout-flow\">\n<figure class=\"wp-block-gallery columns-1 is-cropped wp-block-gallery-3 is-layout-flex wp-block-gallery-is-layout-flex\"><ul class=\"blocks-gallery-grid\"><li class=\"blocks-gallery-item\"><figure><a href=\"https:\/\/feuerwehr-kollnburg.de\/wp-content\/uploads\/2022\/01\/Atemschutz-1.jpg\"><img loading=\"lazy\" decoding=\"async\" width=\"653\" height=\"979\" src=\"https:\/\/feuerwehr-kollnburg.de\/wp-content\/uploads\/2022\/01\/Atemschutz-1.jpg\" alt=\"\" data-id=\"4116\" data-full-url=\"https:\/\/feuerwehr-kollnburg.de\/wp-content\/uploads\/2022\/01\/Atemschutz-1.jpg\" data-link=\"https:\/\/feuerwehr-kollnburg.de\/?attachment_id=4116\" class=\"wp-image-4116\" srcset=\"https:\/\/feuerwehr-kollnburg.de\/wp-content\/uploads\/2022\/01\/Atemschutz-1.jpg 653w, https:\/\/feuerwehr-kollnburg.de\/wp-content\/uploads\/2022\/01\/Atemschutz-1-200x300.jpg 200w\" sizes=\"auto, (max-width: 653px) 100vw, 653px\" \/><\/a><\/figure><\/li><\/ul><\/figure>\n<\/div>\n\n\n\n<div class=\"wp-block-column is-layout-flow wp-block-column-is-layout-flow\">\n<p><strong>Atemschutz\u00fcberwachung<\/strong><br>Der Name der Funktion sagt eigentlich schon alles. Der Kamerad \u00fcberwacht die Atemschutztr\u00e4ger im Innenangriff.<br><\/p>\n\n\n\n<p>Dieser ist im st\u00e4ndigen Funkkontakt mit den Atemschutztr\u00e4ger im Einsatz, fragt immer die Position und Flaschendruck des Trupp ab und gibt den Trupp Bescheid wenn Sie ihre Einsatzzeit von 30 Minuten erreicht haben.<\/p>\n\n\n\n<p>Zus\u00e4tzlich ist dieser das Bindeglied zwischen\nAtemschutztrupp und Einsatzleiter.<\/p>\n\n\n\n<p>Die Weste ist Wei\u00df und hat vorne sowie hinten ein schwarzes\/wei\u00dfes\nKaromuster. <\/p>\n<\/div>\n<\/div>\n\n\n\n<div class=\"wp-block-columns is-layout-flex wp-container-core-columns-is-layout-9d6595d7 wp-block-columns-is-layout-flex\">\n<div class=\"wp-block-column is-layout-flow wp-block-column-is-layout-flow\">\n<figure class=\"wp-block-gallery columns-1 is-cropped wp-block-gallery-4 is-layout-flex wp-block-gallery-is-layout-flex\"><ul class=\"blocks-gallery-grid\"><li class=\"blocks-gallery-item\"><figure><a href=\"https:\/\/feuerwehr-kollnburg.de\/wp-content\/uploads\/2022\/01\/Atemschutz_2-2.jpg\"><img loading=\"lazy\" decoding=\"async\" width=\"653\" height=\"980\" src=\"https:\/\/feuerwehr-kollnburg.de\/wp-content\/uploads\/2022\/01\/Atemschutz_2-2.jpg\" alt=\"\" data-id=\"4114\" data-full-url=\"https:\/\/feuerwehr-kollnburg.de\/wp-content\/uploads\/2022\/01\/Atemschutz_2-2.jpg\" data-link=\"https:\/\/feuerwehr-kollnburg.de\/?attachment_id=4114\" class=\"wp-image-4114\" srcset=\"https:\/\/feuerwehr-kollnburg.de\/wp-content\/uploads\/2022\/01\/Atemschutz_2-2.jpg 653w, https:\/\/feuerwehr-kollnburg.de\/wp-content\/uploads\/2022\/01\/Atemschutz_2-2-200x300.jpg 200w\" sizes=\"auto, (max-width: 653px) 100vw, 653px\" \/><\/a><\/figure><\/li><\/ul><\/figure>\n<\/div>\n\n\n\n<div class=\"wp-block-column is-layout-flow wp-block-column-is-layout-flow\">\n<p><strong>Atemschutzsammelstelle<\/strong><\/p>\n\n\n\n<p>Bei gro\u00dfen Brandeins\u00e4tzen, bei denen viele Atemschutztr\u00e4ger\nzum Einsatz kommen gibt es eine Sammelstelle.<\/p>\n\n\n\n<p>Um den \u00dcberblick zu behalten, wird bei uns ein Kamerad beauftragt\ndie Atemschutzsammelstelle zu leiten. <\/p>\n\n\n\n<p>Dieser ist in st\u00e4ndigem Kontakt mit der\nAtemschutz\u00fcberwachung. \n\n\n\nJe nach Bedarf kann dieser dann die Trupps fertig\nausr\u00fcsten lassen und dann zum Einsatz schicken. \n\n\n\n<\/p>\n<\/div>\n<\/div>\n\n\n\n<h2 class=\"wp-block-heading\"><strong>Abschnittsleiter<\/strong><\/h2>\n\n\n\n<div class=\"wp-block-columns is-layout-flex wp-container-core-columns-is-layout-9d6595d7 wp-block-columns-is-layout-flex\">\n<div class=\"wp-block-column is-layout-flow wp-block-column-is-layout-flow\">\n<figure class=\"wp-block-gallery columns-1 is-cropped wp-block-gallery-5 is-layout-flex wp-block-gallery-is-layout-flex\"><ul class=\"blocks-gallery-grid\"><li class=\"blocks-gallery-item\"><figure><img loading=\"lazy\" decoding=\"async\" width=\"653\" height=\"979\" src=\"https:\/\/feuerwehr-kollnburg.de\/wp-content\/uploads\/2022\/01\/Abschnittsleiter.jpg\" alt=\"\" data-id=\"4108\" data-full-url=\"https:\/\/feuerwehr-kollnburg.de\/wp-content\/uploads\/2022\/01\/Abschnittsleiter.jpg\" data-link=\"https:\/\/feuerwehr-kollnburg.de\/?attachment_id=4108\" class=\"wp-image-4108\" srcset=\"https:\/\/feuerwehr-kollnburg.de\/wp-content\/uploads\/2022\/01\/Abschnittsleiter.jpg 653w, https:\/\/feuerwehr-kollnburg.de\/wp-content\/uploads\/2022\/01\/Abschnittsleiter-200x300.jpg 200w\" sizes=\"auto, (max-width: 653px) 100vw, 653px\" \/><\/figure><\/li><\/ul><\/figure>\n<\/div>\n\n\n\n<div class=\"wp-block-column is-layout-flow wp-block-column-is-layout-flow\">\n<p>Der Abschnittsleiter bzw. mehrere Abschnittsleiter kommen bei gro\u00dfen Eins\u00e4tzen zum Einsatz. <br>Diese unterst\u00fctzen somit dem Einsatzleiter, um einen besseren \u00dcberblick zu behalten.<br>Wie es der Name schon sagt, leitet er einen Abschnitt. <\/p>\n\n\n\n<p>Ein Gro\u00dfbrand der un\u00fcbersichtlich ist kann in mehrere Abschnitte aufgeteilt werden. <br>Zum Beispiel:<br>-Brandabschnitt 1<br>-Brandabschnitt 2<br>-Wasserf\u00f6rderung<\/p>\n\n\n\n<p>Auch bei Verkehrsunf\u00e4llen mit mehreren Verletzte Personen\noder auch vermissten Suche, k\u00f6nnen in Einsatzabschnitte aufgeteilt werden.<\/p>\n\n\n\n<p>Die Farbe der Funktionsweste ist wei\u00df.<\/p>\n<\/div>\n<\/div>\n\n\n\n<h2 class=\"wp-block-heading\"><strong>Einsatzleiter<\/strong><\/h2>\n\n\n\n<div class=\"wp-block-columns is-layout-flex wp-container-core-columns-is-layout-9d6595d7 wp-block-columns-is-layout-flex\">\n<div class=\"wp-block-column is-layout-flow wp-block-column-is-layout-flow\">\n<figure class=\"wp-block-gallery columns-1 is-cropped wp-block-gallery-6 is-layout-flex wp-block-gallery-is-layout-flex\"><ul class=\"blocks-gallery-grid\"><li class=\"blocks-gallery-item\"><figure><a href=\"https:\/\/feuerwehr-kollnburg.de\/wp-content\/uploads\/2022\/01\/Einsatzleiter.jpg\"><img loading=\"lazy\" decoding=\"async\" width=\"650\" height=\"976\" src=\"https:\/\/feuerwehr-kollnburg.de\/wp-content\/uploads\/2022\/01\/Einsatzleiter.jpg\" alt=\"\" data-id=\"4109\" data-full-url=\"https:\/\/feuerwehr-kollnburg.de\/wp-content\/uploads\/2022\/01\/Einsatzleiter.jpg\" data-link=\"https:\/\/feuerwehr-kollnburg.de\/?attachment_id=4109\" class=\"wp-image-4109\" srcset=\"https:\/\/feuerwehr-kollnburg.de\/wp-content\/uploads\/2022\/01\/Einsatzleiter.jpg 650w, https:\/\/feuerwehr-kollnburg.de\/wp-content\/uploads\/2022\/01\/Einsatzleiter-200x300.jpg 200w\" sizes=\"auto, (max-width: 650px) 100vw, 650px\" \/><\/a><\/figure><\/li><\/ul><\/figure>\n<\/div>\n\n\n\n<div class=\"wp-block-column is-layout-flow wp-block-column-is-layout-flow\">\n<p>Der Feuerwehrmann mit der Gelben Weste ist der Einsatzleiter.<\/p>\n\n\n\n<p>Bei kleinen Eins\u00e4tzen bei dem nur mit einem Fahrzeug\nausger\u00fcckt wird, ist meistens der Gruppenf\u00fchrer auch Einsatzleiter.<\/p>\n\n\n\n<p>Ist es ein gr\u00f6\u00dferer Einsatz, bei dem mehrere Fahrzeuge oder\nsogar mehrere Feuerwehren sind, gibt es den Einsatzleiter.\n\n\n\nDies ist in erster Linie der \u00f6rtlich zust\u00e4ndige\nKommandant. Bei Abwesenheit ist es sein Stellvertreter oder erste\nGruppenf\u00fchrer.\n\n\n\n<\/p>\n<\/div>\n<\/div>\n","protected":false},"excerpt":{"rendered":"<p>In der Feuerwehr laufen manche Kameraden mit farbigen Westen, egal ob auf \u00dcbungen oder Eins\u00e4tzen rum. Dies ist kein modischer Trend oder Faschingsverkleidung, es dient als Funktionskennzeichnung. Die Funktionswesten gibt es in verschiedenen Farben und haben dann auch verschiedene Funktionen. In der Feuerwehr Kollnburg gibt es folgende Funktionswesten: Gruppenf\u00fchrer Der Gruppenf\u00fchrer oder auch Fahrzeugf\u00fchrer ist [&hellip;]<\/p>\n","protected":false},"author":1,"featured_media":0,"parent":0,"menu_order":0,"comment_status":"closed","ping_status":"closed","template":"","meta":{"_genesis_hide_title":false,"_genesis_hide_breadcrumbs":false,"_genesis_hide_singular_image":false,"_genesis_hide_footer_widgets":false,"_genesis_custom_body_class":"","_genesis_custom_post_class":"","_genesis_layout":"full-width-content","footnotes":""},"class_list":{"0":"post-4103","1":"page","2":"type-page","3":"status-publish","5":"entry"},"featured_image_src":null,"featured_image_src_square":null,"_links":{"self":[{"href":"https:\/\/feuerwehr-kollnburg.de\/index.php?rest_route=\/wp\/v2\/pages\/4103","targetHints":{"allow":["GET"]}}],"collection":[{"href":"https:\/\/feuerwehr-kollnburg.de\/index.php?rest_route=\/wp\/v2\/pages"}],"about":[{"href":"https:\/\/feuerwehr-kollnburg.de\/index.php?rest_route=\/wp\/v2\/types\/page"}],"author":[{"embeddable":true,"href":"https:\/\/feuerwehr-kollnburg.de\/index.php?rest_route=\/wp\/v2\/users\/1"}],"replies":[{"embeddable":true,"href":"https:\/\/feuerwehr-kollnburg.de\/index.php?rest_route=%2Fwp%2Fv2%2Fcomments&post=4103"}],"version-history":[{"count":4,"href":"https:\/\/feuerwehr-kollnburg.de\/index.php?rest_route=\/wp\/v2\/pages\/4103\/revisions"}],"predecessor-version":[{"id":4118,"href":"https:\/\/feuerwehr-kollnburg.de\/index.php?rest_route=\/wp\/v2\/pages\/4103\/revisions\/4118"}],"wp:attachment":[{"href":"https:\/\/feuerwehr-kollnburg.de\/index.php?rest_route=%2Fwp%2Fv2%2Fmedia&parent=4103"}],"curies":[{"name":"wp","href":"https:\/\/api.w.org\/{rel}","templated":true}]}}