{"id":3838,"date":"2020-12-31T10:14:30","date_gmt":"2020-12-31T10:14:30","guid":{"rendered":"https:\/\/feuerwehr-kollnburg.de\/?page_id=3838"},"modified":"2020-12-31T10:14:30","modified_gmt":"2020-12-31T10:14:30","slug":"einsatzserie-09-01-2019-14-01-2019","status":"publish","type":"page","link":"https:\/\/feuerwehr-kollnburg.de\/?page_id=3838","title":{"rendered":"Einsatzserie 09.01.2019 &#8211; 14.01.2019"},"content":{"rendered":"\n<p>Alarm (1): 09.01.2019 &#8211; 21.00 Uhr<br>Alarm (2): 12.01.2019 &#8211; 3.20 Uhr<br>Einsatz Stichwort: Baum \u00fcber Fahrbahn<br>Ort: Staatsstra\u00dfe 2139 h\u00f6he Kollnburg<br>Die B\u00e4ume wurden kurzerhand entfernt und die Stra\u00dfe konnte schnell wieder freigegeben werden. Anschlie\u00dfend wurde die St.2139 Richtung St. Englmar kontrolliert, ob noch weitere B\u00e4ume \u00fcber der Fahrbahn sind. Dies war bei beiden Eins\u00e4tzen nicht der Fall. <br>Im Einsatz: Kollnburg 40\/1; 48\/1 <br>Ab Samstag, 12.01.2019, ca 19.00 Uhr, war die FFW durch umgest\u00fcrzte B\u00e4ume unterwegs. Zwischenzeitlich wurden die Arbeiten eingestellt, da die Eigensicherung sehr gef\u00e4hrdet war. Die St.2139 wurde bis auf weiteres zwischen Reichsdorf und St. Englmar gesperrt. <\/p>\n\n\n\n<figure class=\"wp-block-gallery columns-2 is-cropped wp-block-gallery-1 is-layout-flex wp-block-gallery-is-layout-flex\"><ul class=\"blocks-gallery-grid\"><li class=\"blocks-gallery-item\"><figure><a href=\"https:\/\/feuerwehr-kollnburg.de\/wp-content\/uploads\/2020\/12\/49439907_950859558445594_2897564068082614272_o.jpg\"><img loading=\"lazy\" decoding=\"async\" width=\"1024\" height=\"767\" src=\"https:\/\/feuerwehr-kollnburg.de\/wp-content\/uploads\/2020\/12\/49439907_950859558445594_2897564068082614272_o-1024x767.jpg\" alt=\"\" data-id=\"3839\" data-full-url=\"https:\/\/feuerwehr-kollnburg.de\/wp-content\/uploads\/2020\/12\/49439907_950859558445594_2897564068082614272_o.jpg\" data-link=\"https:\/\/feuerwehr-kollnburg.de\/?attachment_id=3839\" class=\"wp-image-3839\" srcset=\"https:\/\/feuerwehr-kollnburg.de\/wp-content\/uploads\/2020\/12\/49439907_950859558445594_2897564068082614272_o-1024x767.jpg 1024w, https:\/\/feuerwehr-kollnburg.de\/wp-content\/uploads\/2020\/12\/49439907_950859558445594_2897564068082614272_o-300x225.jpg 300w, https:\/\/feuerwehr-kollnburg.de\/wp-content\/uploads\/2020\/12\/49439907_950859558445594_2897564068082614272_o-768x575.jpg 768w, https:\/\/feuerwehr-kollnburg.de\/wp-content\/uploads\/2020\/12\/49439907_950859558445594_2897564068082614272_o-702x526.jpg 702w, https:\/\/feuerwehr-kollnburg.de\/wp-content\/uploads\/2020\/12\/49439907_950859558445594_2897564068082614272_o.jpg 1080w\" sizes=\"auto, (max-width: 1024px) 100vw, 1024px\" \/><\/a><\/figure><\/li><li class=\"blocks-gallery-item\"><figure><a href=\"https:\/\/feuerwehr-kollnburg.de\/wp-content\/uploads\/2020\/12\/50067349_950234991841384_8143962273363263488_n.jpg\"><img loading=\"lazy\" decoding=\"async\" width=\"750\" height=\"562\" src=\"https:\/\/feuerwehr-kollnburg.de\/wp-content\/uploads\/2020\/12\/50067349_950234991841384_8143962273363263488_n.jpg\" alt=\"\" data-id=\"3840\" data-full-url=\"https:\/\/feuerwehr-kollnburg.de\/wp-content\/uploads\/2020\/12\/50067349_950234991841384_8143962273363263488_n.jpg\" data-link=\"https:\/\/feuerwehr-kollnburg.de\/?attachment_id=3840\" class=\"wp-image-3840\" srcset=\"https:\/\/feuerwehr-kollnburg.de\/wp-content\/uploads\/2020\/12\/50067349_950234991841384_8143962273363263488_n.jpg 750w, https:\/\/feuerwehr-kollnburg.de\/wp-content\/uploads\/2020\/12\/50067349_950234991841384_8143962273363263488_n-300x225.jpg 300w, https:\/\/feuerwehr-kollnburg.de\/wp-content\/uploads\/2020\/12\/50067349_950234991841384_8143962273363263488_n-702x526.jpg 702w\" sizes=\"auto, (max-width: 750px) 100vw, 750px\" \/><\/a><\/figure><\/li><\/ul><\/figure>\n","protected":false},"excerpt":{"rendered":"<p>Alarm (1): 09.01.2019 &#8211; 21.00 UhrAlarm (2): 12.01.2019 &#8211; 3.20 UhrEinsatz Stichwort: Baum \u00fcber FahrbahnOrt: Staatsstra\u00dfe 2139 h\u00f6he KollnburgDie B\u00e4ume wurden kurzerhand entfernt und die Stra\u00dfe konnte schnell wieder freigegeben werden. Anschlie\u00dfend wurde die St.2139 Richtung St. Englmar kontrolliert, ob noch weitere B\u00e4ume \u00fcber der Fahrbahn sind. Dies war bei beiden Eins\u00e4tzen nicht der Fall. [&hellip;]<\/p>\n","protected":false},"author":1,"featured_media":0,"parent":520,"menu_order":0,"comment_status":"closed","ping_status":"closed","template":"","meta":{"_genesis_hide_title":false,"_genesis_hide_breadcrumbs":false,"_genesis_hide_singular_image":false,"_genesis_hide_footer_widgets":false,"_genesis_custom_body_class":"","_genesis_custom_post_class":"","_genesis_layout":"full-width-content","footnotes":""},"class_list":{"0":"post-3838","1":"page","2":"type-page","3":"status-publish","5":"entry"},"featured_image_src":null,"featured_image_src_square":null,"_links":{"self":[{"href":"https:\/\/feuerwehr-kollnburg.de\/index.php?rest_route=\/wp\/v2\/pages\/3838","targetHints":{"allow":["GET"]}}],"collection":[{"href":"https:\/\/feuerwehr-kollnburg.de\/index.php?rest_route=\/wp\/v2\/pages"}],"about":[{"href":"https:\/\/feuerwehr-kollnburg.de\/index.php?rest_route=\/wp\/v2\/types\/page"}],"author":[{"embeddable":true,"href":"https:\/\/feuerwehr-kollnburg.de\/index.php?rest_route=\/wp\/v2\/users\/1"}],"replies":[{"embeddable":true,"href":"https:\/\/feuerwehr-kollnburg.de\/index.php?rest_route=%2Fwp%2Fv2%2Fcomments&post=3838"}],"version-history":[{"count":1,"href":"https:\/\/feuerwehr-kollnburg.de\/index.php?rest_route=\/wp\/v2\/pages\/3838\/revisions"}],"predecessor-version":[{"id":3841,"href":"https:\/\/feuerwehr-kollnburg.de\/index.php?rest_route=\/wp\/v2\/pages\/3838\/revisions\/3841"}],"up":[{"embeddable":true,"href":"https:\/\/feuerwehr-kollnburg.de\/index.php?rest_route=\/wp\/v2\/pages\/520"}],"wp:attachment":[{"href":"https:\/\/feuerwehr-kollnburg.de\/index.php?rest_route=%2Fwp%2Fv2%2Fmedia&parent=3838"}],"curies":[{"name":"wp","href":"https:\/\/api.w.org\/{rel}","templated":true}]}}