{"id":3584,"date":"2020-12-29T17:32:32","date_gmt":"2020-12-29T17:32:32","guid":{"rendered":"https:\/\/feuerwehr-kollnburg.de\/?page_id=3584"},"modified":"2020-12-29T17:32:32","modified_gmt":"2020-12-29T17:32:32","slug":"einsaetze-2014","status":"publish","type":"page","link":"https:\/\/feuerwehr-kollnburg.de\/?page_id=3584","title":{"rendered":"Eins\u00e4tze 2014"},"content":{"rendered":"\n<figure class=\"wp-block-table is-style-regular\"><table class=\"\"><tbody><tr><td><strong>Datum<\/strong><\/td><td><strong>Einsatzstichwort<\/strong><\/td><td><strong>Ort<\/strong><\/td><td>&nbsp;<\/td><\/tr><tr><td>22.11.2014<\/td><td>Infoeinsatz FF (Kanalsp\u00fclung)<\/td><td>Kollnburg<\/td><td>Hochstra\u00df<\/td><\/tr><tr><td>11.11.2014<\/td><td>Infoeinsatz FF (Umzug)<\/td><td>Kollnburg<\/td><td>&nbsp;<\/td><\/tr><tr><td>26.09.2014<\/td><td>THL 1 (Kontrolle \u00d6lsperre)<\/td><td>Kollnburg<\/td><td>Reichsdorf Nord<\/td><\/tr><tr><td>25.09.2014<\/td><td>Diesel aus LKW<\/td><td>Kollnburg<\/td><td>Reichsdorf Nord<\/td><\/tr><tr><td>22.09.2014<\/td><td>B 3 Person (Brand Wohnhaus)<\/td><td>Sankt Englmar<\/td><td>Kapellenweg<\/td><\/tr><tr><td>18.09.2014<\/td><td>B BMA<\/td><td>Sankt Englmar<\/td><td>Predigtstuhl<\/td><\/tr><tr><td>30.08.2014<\/td><td>THL 1 (Wespen)<\/td><td>Kollnburg<\/td><td>Kirchenweg<\/td><\/tr><tr><td>29.08.2014<\/td><td>VU 1 (Mehrere PKW)<\/td><td>Kollnburg<\/td><td>Reichsdorf<\/td><\/tr><tr><td>20.08.2014<\/td><td>THL 2 (Person unter Maschine)<\/td><td>Viechtach<\/td><td>Schlatzendorf<\/td><\/tr><tr><td>14.08.2014<\/td><td>Unwetter (Baum \u00c3\u00bcber Fahrbahn)<\/td><td>Kollnburg<\/td><td>Hochstra\u00df<\/td><\/tr><tr><td>01.06.2014<\/td><td>THL 2 (Person droht zu springen)<\/td><td>Viechtach<\/td><td>M\u00f6nchshofstra\u00dfe<\/td><\/tr><tr><td>26.05.2014<\/td><td>THL 1 (PKW \u00c3\u0153berschlag)<\/td><td>Kollnburg<\/td><td>Windsprach<\/td><\/tr><tr><td>06.05.2014<\/td><td>THL 1 (\u00d6lspur)<\/td><td>Kollnburg<\/td><td>Windsprach<\/td><\/tr><tr><td>15.03.2014<\/td><td>VU 1 (Meherer PKW)<\/td><td>Sankt Englmar<\/td><td>Gr\u00fcnm\u00fchl<\/td><\/tr><tr><td>02.03.2014<\/td><td>Infoeinsatz FF (Umzug)<\/td><td>Kollnburg<\/td><\/tr><\/tbody><\/table><\/figure>\n","protected":false},"excerpt":{"rendered":"<p>Datum Einsatzstichwort Ort &nbsp; 22.11.2014 Infoeinsatz FF (Kanalsp\u00fclung) Kollnburg Hochstra\u00df 11.11.2014 Infoeinsatz FF (Umzug) Kollnburg &nbsp; 26.09.2014 THL 1 (Kontrolle \u00d6lsperre) Kollnburg Reichsdorf Nord 25.09.2014 Diesel aus LKW Kollnburg Reichsdorf Nord 22.09.2014 B 3 Person (Brand Wohnhaus) Sankt Englmar Kapellenweg 18.09.2014 B BMA Sankt Englmar Predigtstuhl 30.08.2014 THL 1 (Wespen) Kollnburg Kirchenweg 29.08.2014 VU 1 [&hellip;]<\/p>\n","protected":false},"author":1,"featured_media":0,"parent":514,"menu_order":0,"comment_status":"closed","ping_status":"closed","template":"","meta":{"_genesis_hide_title":false,"_genesis_hide_breadcrumbs":false,"_genesis_hide_singular_image":false,"_genesis_hide_footer_widgets":false,"_genesis_custom_body_class":"","_genesis_custom_post_class":"","_genesis_layout":"full-width-content","footnotes":""},"class_list":{"0":"post-3584","1":"page","2":"type-page","3":"status-publish","5":"entry"},"featured_image_src":null,"featured_image_src_square":null,"_links":{"self":[{"href":"https:\/\/feuerwehr-kollnburg.de\/index.php?rest_route=\/wp\/v2\/pages\/3584","targetHints":{"allow":["GET"]}}],"collection":[{"href":"https:\/\/feuerwehr-kollnburg.de\/index.php?rest_route=\/wp\/v2\/pages"}],"about":[{"href":"https:\/\/feuerwehr-kollnburg.de\/index.php?rest_route=\/wp\/v2\/types\/page"}],"author":[{"embeddable":true,"href":"https:\/\/feuerwehr-kollnburg.de\/index.php?rest_route=\/wp\/v2\/users\/1"}],"replies":[{"embeddable":true,"href":"https:\/\/feuerwehr-kollnburg.de\/index.php?rest_route=%2Fwp%2Fv2%2Fcomments&post=3584"}],"version-history":[{"count":1,"href":"https:\/\/feuerwehr-kollnburg.de\/index.php?rest_route=\/wp\/v2\/pages\/3584\/revisions"}],"predecessor-version":[{"id":3585,"href":"https:\/\/feuerwehr-kollnburg.de\/index.php?rest_route=\/wp\/v2\/pages\/3584\/revisions\/3585"}],"up":[{"embeddable":true,"href":"https:\/\/feuerwehr-kollnburg.de\/index.php?rest_route=\/wp\/v2\/pages\/514"}],"wp:attachment":[{"href":"https:\/\/feuerwehr-kollnburg.de\/index.php?rest_route=%2Fwp%2Fv2%2Fmedia&parent=3584"}],"curies":[{"name":"wp","href":"https:\/\/api.w.org\/{rel}","templated":true}]}}