{"id":3581,"date":"2020-12-29T17:30:52","date_gmt":"2020-12-29T17:30:52","guid":{"rendered":"https:\/\/feuerwehr-kollnburg.de\/?page_id=3581"},"modified":"2020-12-29T17:30:52","modified_gmt":"2020-12-29T17:30:52","slug":"einsaetze-2015","status":"publish","type":"page","link":"https:\/\/feuerwehr-kollnburg.de\/?page_id=3581","title":{"rendered":"Eins\u00e4tze 2015"},"content":{"rendered":"\n<figure class=\"wp-block-table is-style-regular\"><table class=\"\"><tbody><tr><td><strong>Datum<\/strong><\/td><td><strong>Einsatzstichwort<\/strong><\/td><td><strong>Ort<\/strong><\/td><td>&nbsp;<\/td><\/tr><tr><td>18.11.2015<\/td><td>Infoeinsatz FF (Wassertransport)<\/td><td>Kollnburg<\/td><td>Hornhof<\/td><\/tr><tr><td>14.11.2015<\/td><td>Infoeinsatz FF (Wassertransport)<\/td><td>Kollnburg<\/td><td>Hartmannsberg<\/td><\/tr><tr><td>14.11.2015<\/td><td>Infoeinsatz FF (Wassertransport)<\/td><td>Kollnburg<\/td><td>Sattel<\/td><\/tr><tr><td>13.11.2015<\/td><td>Infoeinsatz FF (Wassertransport)<\/td><td>Kollnburg<\/td><td>Hochstra\u00df<\/td><\/tr><tr><td>12.11.2015<\/td><td>P Wohnung<\/td><td>Sankt Englmar<\/td><td>Zipfelwiesstra\u00dfe<\/td><\/tr><tr><td>11.11.2015<\/td><td>Infoeinsatz FF (Martinszug)<\/td><td>Kollnburg<\/td><td>&nbsp;<\/td><\/tr><tr><td>09.11.2015<\/td><td>Infoeinsatz FF (Wassertransport)<\/td><td>Kollnburg<\/td><td>Hochstra\u00df<\/td><\/tr><tr><td>07.11.2015<\/td><td>Infoeinsatz FF (Wassertransport)<\/td><td>Kollnburg<\/td><td>Hartmannsberg<\/td><\/tr><tr><td>31.10.2015<\/td><td>Infoeinsatz FF (Wassertransport)<\/td><td>Kollnburg<\/td><td>Baierweg<\/td><\/tr><tr><td>31.10.2015<\/td><td>Infoeinsatz FF (Wassertransport)<\/td><td>Kollnburg<\/td><td>Hartmannsberg<\/td><\/tr><tr><td>22.10.2015<\/td><td>Infoeinsatz FF (Wassertransport)<\/td><td>Kollnburg<\/td><td>Baierweg<\/td><\/tr><tr><td>19.10.2015<\/td><td>Infoeinsatz FF (Wassertransport)<\/td><td>Kollnburg<\/td><td>Hartmannsberg<\/td><\/tr><tr><td>10.10.2015<\/td><td>Infoeinsatz FF (Wassertransport)<\/td><td>Kollnburg<\/td><td>Hartmannsberg<\/td><\/tr><tr><td>08.10.2015<\/td><td>Erkundung (Rauchentwicklung)<\/td><td>Kollnburg<\/td><td>Steffelhof<\/td><\/tr><tr><td>30.09.2015<\/td><td>Infoeinsatz FF (Wassertransport)<\/td><td>Kollnburg<\/td><td>Hartmannsberg<\/td><\/tr><tr><td>20.09.2015<\/td><td>Infoeinsatz FF (Wassertransport)<\/td><td>Kollnburg<\/td><td>Hartmannsberg<\/td><\/tr><tr><td>19.09.2015<\/td><td>Infoeinsatz FF (Wassertransport)<\/td><td>Kollnburg<\/td><td>Baierweg<\/td><\/tr><tr><td>18.09.2015<\/td><td>Infoeinsatz FF (Wassertransport)<\/td><td>Kollnburg<\/td><td>Rechertsried<\/td><\/tr><tr><td>16.09.2015<\/td><td>Infoeinsatz FF (Wassertransport)<\/td><td>Kollnburg<\/td><td>Steffelhof<\/td><\/tr><tr><td>15.09.2015<\/td><td>Infoeinsatz FF (Wassertransport)<\/td><td>Kollnburg<\/td><td>Baierweg<\/td><\/tr><tr><td>11.09.2015<\/td><td>Infoeinsatz FF (Wassertransport)<\/td><td>Kollnburg<\/td><td>Steffelhof<\/td><\/tr><tr><td>08.09.2015<\/td><td>Infoeinsatz FF (Wassertransport)<\/td><td>Kollnburg<\/td><td>Baierweg<\/td><\/tr><tr><td>01.09.2015<\/td><td>Infoeinsatz FF (Wassertransport)<\/td><td>Kollnburg<\/td><td>Baierweg<\/td><\/tr><tr><td>26.08.2015<\/td><td>THL 1 (Wespen)<\/td><td>Kollnburg<\/td><td>Raiffeisenstra\u00dfe<\/td><\/tr><tr><td>26.08.2015<\/td><td>Infoeinsatz FF (Kanalsp\u00fclung)<\/td><td>Kollnburg<\/td><td>Am B\u00fcrstling<\/td><\/tr><tr><td>24.08.2015<\/td><td>Unwetter (Baum \u00fcber Fahrbahn)<\/td><td>Kollnburg<\/td><td>Baierweg<\/td><\/tr><tr><td>14.08.2015<\/td><td>Unwetter (Baum \u00fcber Fahrbahn)<\/td><td>Kollnburg<\/td><td>Pr\u00f6llers\u00e4ge<\/td><\/tr><tr><td>06.08.2015<\/td><td>THL (\u00d6lspur)<\/td><td>Kollnburg<\/td><td>Reichsdorf<\/td><\/tr><tr><td>02.08.2015<\/td><td>THL (\u00d6lspur)<\/td><td>Kollnburg<\/td><td>Oberhofen<\/td><\/tr><tr><td>01.08.2015<\/td><td>Verkehrslenkung<\/td><td>Kollnburg<\/td><td>&nbsp;<\/td><\/tr><tr><td>08.07.2015<\/td><td>Unwetter (Baum \u00fcber Fahrbahn)<\/td><td>Kollnburg<\/td><td>Raiffeisenstra\u00dfe<\/td><\/tr><tr><td>14.06.2015<\/td><td>Verkehrslenkung<\/td><td>Kollnburg<\/td><td>&nbsp;<\/td><\/tr><tr><td>26.05.2015<\/td><td>THL (\u00d6lspur)<\/td><td>Kollnburg<\/td><td>Hochstra\u00df<\/td><\/tr><tr><td>25.05.2015<\/td><td>THL 1 (VU Motorrad)<\/td><td>Kollnburg<\/td><td>Hornhof<\/td><\/tr><tr><td>20.05.2015<\/td><td>THL (\u00d6lspur)<\/td><td>Kollnburg<\/td><td>Reichsdorf<\/td><\/tr><tr><td>20.05.2015<\/td><td>P Eingeklemmt<\/td><td>Kollnburg<\/td><td>Allersdorf<\/td><\/tr><tr><td>20.05.2015<\/td><td>VU 2 (VU LKW)<\/td><td>Viechtach<\/td><td>Schlatzendorf<\/td><\/tr><tr><td>20.04.2015<\/td><td>Benzin aus PKW<\/td><td>Kollnburg<\/td><td>Windsprach<\/td><\/tr><tr><td>29.03.2015<\/td><td>Unwetter (Baum \u00fcber Fahrbahn)<\/td><td>Kollnburg<\/td><td>Hochstra\u00df<\/td><\/tr><tr><td>24.03.2015<\/td><td>B 3 Person (Brand Wohnhaus)<\/td><td>Viechtach<\/td><td>B\u00e4ckergasse<\/td><\/tr><tr><td>07.03.2015<\/td><td>Gefahrgut (Unterst\u00fctzung mit CSA Tr\u00e4ger)<\/td><td>Teisnach<\/td><td>&nbsp;<\/td><\/tr><tr><td>15.02.2015<\/td><td>Verkehrslenkung<\/td><td>Kollnburg<\/td><td>&nbsp;<\/td><\/tr><tr><td>13.02.2015<\/td><td>VU PKW \u00dcberschlag<\/td><td>Kollnburg<\/td><td>Reischsdorf<\/td><\/tr><tr><td>03.01.2015<\/td><td>VU PKW \u00dcberschlag<\/td><td>Kollnburg<\/td><td>Baierweg<\/td><\/tr><\/tbody><\/table><\/figure>\n","protected":false},"excerpt":{"rendered":"<p>Datum Einsatzstichwort Ort &nbsp; 18.11.2015 Infoeinsatz FF (Wassertransport) Kollnburg Hornhof 14.11.2015 Infoeinsatz FF (Wassertransport) Kollnburg Hartmannsberg 14.11.2015 Infoeinsatz FF (Wassertransport) Kollnburg Sattel 13.11.2015 Infoeinsatz FF (Wassertransport) Kollnburg Hochstra\u00df 12.11.2015 P Wohnung Sankt Englmar Zipfelwiesstra\u00dfe 11.11.2015 Infoeinsatz FF (Martinszug) Kollnburg &nbsp; 09.11.2015 Infoeinsatz FF (Wassertransport) Kollnburg Hochstra\u00df 07.11.2015 Infoeinsatz FF (Wassertransport) Kollnburg Hartmannsberg 31.10.2015 Infoeinsatz FF [&hellip;]<\/p>\n","protected":false},"author":1,"featured_media":0,"parent":514,"menu_order":0,"comment_status":"closed","ping_status":"closed","template":"","meta":{"_genesis_hide_title":false,"_genesis_hide_breadcrumbs":false,"_genesis_hide_singular_image":false,"_genesis_hide_footer_widgets":false,"_genesis_custom_body_class":"","_genesis_custom_post_class":"","_genesis_layout":"full-width-content","footnotes":""},"class_list":{"0":"post-3581","1":"page","2":"type-page","3":"status-publish","5":"entry"},"featured_image_src":null,"featured_image_src_square":null,"_links":{"self":[{"href":"https:\/\/feuerwehr-kollnburg.de\/index.php?rest_route=\/wp\/v2\/pages\/3581","targetHints":{"allow":["GET"]}}],"collection":[{"href":"https:\/\/feuerwehr-kollnburg.de\/index.php?rest_route=\/wp\/v2\/pages"}],"about":[{"href":"https:\/\/feuerwehr-kollnburg.de\/index.php?rest_route=\/wp\/v2\/types\/page"}],"author":[{"embeddable":true,"href":"https:\/\/feuerwehr-kollnburg.de\/index.php?rest_route=\/wp\/v2\/users\/1"}],"replies":[{"embeddable":true,"href":"https:\/\/feuerwehr-kollnburg.de\/index.php?rest_route=%2Fwp%2Fv2%2Fcomments&post=3581"}],"version-history":[{"count":1,"href":"https:\/\/feuerwehr-kollnburg.de\/index.php?rest_route=\/wp\/v2\/pages\/3581\/revisions"}],"predecessor-version":[{"id":3582,"href":"https:\/\/feuerwehr-kollnburg.de\/index.php?rest_route=\/wp\/v2\/pages\/3581\/revisions\/3582"}],"up":[{"embeddable":true,"href":"https:\/\/feuerwehr-kollnburg.de\/index.php?rest_route=\/wp\/v2\/pages\/514"}],"wp:attachment":[{"href":"https:\/\/feuerwehr-kollnburg.de\/index.php?rest_route=%2Fwp%2Fv2%2Fmedia&parent=3581"}],"curies":[{"name":"wp","href":"https:\/\/api.w.org\/{rel}","templated":true}]}}