{"id":3022,"date":"2020-11-28T16:33:32","date_gmt":"2020-11-28T16:33:32","guid":{"rendered":"https:\/\/feuerwehr-kollnburg.de\/?page_id=3022"},"modified":"2020-12-31T09:48:54","modified_gmt":"2020-12-31T09:48:54","slug":"maschinisten-gruppe","status":"publish","type":"page","link":"https:\/\/feuerwehr-kollnburg.de\/?page_id=3022","title":{"rendered":"Maschinisten"},"content":{"rendered":"\n<h2 class=\"wp-block-heading\">Ausbilder<\/h2>\n\n\n\n<figure class=\"wp-block-image size-large is-resized\"><img loading=\"lazy\" decoding=\"async\" src=\"https:\/\/feuerwehr-kollnburg.de\/wp-content\/uploads\/2020\/12\/Organigramm_Maschinisten-1024x351.jpg\" alt=\"\" class=\"wp-image-3451\" width=\"768\" height=\"263\" srcset=\"https:\/\/feuerwehr-kollnburg.de\/wp-content\/uploads\/2020\/12\/Organigramm_Maschinisten-1024x351.jpg 1024w, https:\/\/feuerwehr-kollnburg.de\/wp-content\/uploads\/2020\/12\/Organigramm_Maschinisten-300x103.jpg 300w, https:\/\/feuerwehr-kollnburg.de\/wp-content\/uploads\/2020\/12\/Organigramm_Maschinisten-768x263.jpg 768w, https:\/\/feuerwehr-kollnburg.de\/wp-content\/uploads\/2020\/12\/Organigramm_Maschinisten.jpg 1279w\" sizes=\"auto, (max-width: 768px) 100vw, 768px\" \/><\/figure>\n\n\n\n<h2 class=\"wp-block-heading\">Maschinisten-\u00dcbungen<\/h2>\n\n\n\n<figure class=\"wp-block-table is-style-regular\"><table class=\"\"><tbody><tr><td><img loading=\"lazy\" decoding=\"async\" width=\"150\" height=\"113\" class=\"wp-image-3775\" style=\"width: 150px;\" src=\"https:\/\/feuerwehr-kollnburg.de\/wp-content\/uploads\/2020\/12\/70793398_1114675408730674_6779062975689916416_o.jpg\" alt=\"\" srcset=\"https:\/\/feuerwehr-kollnburg.de\/wp-content\/uploads\/2020\/12\/70793398_1114675408730674_6779062975689916416_o.jpg 1600w, https:\/\/feuerwehr-kollnburg.de\/wp-content\/uploads\/2020\/12\/70793398_1114675408730674_6779062975689916416_o-300x225.jpg 300w, https:\/\/feuerwehr-kollnburg.de\/wp-content\/uploads\/2020\/12\/70793398_1114675408730674_6779062975689916416_o-1024x768.jpg 1024w, https:\/\/feuerwehr-kollnburg.de\/wp-content\/uploads\/2020\/12\/70793398_1114675408730674_6779062975689916416_o-768x576.jpg 768w, https:\/\/feuerwehr-kollnburg.de\/wp-content\/uploads\/2020\/12\/70793398_1114675408730674_6779062975689916416_o-1536x1152.jpg 1536w, https:\/\/feuerwehr-kollnburg.de\/wp-content\/uploads\/2020\/12\/70793398_1114675408730674_6779062975689916416_o-702x526.jpg 702w\" sizes=\"auto, (max-width: 150px) 100vw, 150px\" \/><br><a href=\"https:\/\/feuerwehr-kollnburg.de\/?page_id=3773\">\u00dcbung f\u00fcr Maschinisten (17.09.2019)<\/a><\/td><\/tr><tr><td><img loading=\"lazy\" decoding=\"async\" width=\"150\" height=\"113\" class=\"wp-image-3218\" style=\"width: 150px;\" src=\"https:\/\/feuerwehr-kollnburg.de\/wp-content\/uploads\/2020\/11\/Foto_4-9.jpg\" alt=\"\" srcset=\"https:\/\/feuerwehr-kollnburg.de\/wp-content\/uploads\/2020\/11\/Foto_4-9.jpg 448w, https:\/\/feuerwehr-kollnburg.de\/wp-content\/uploads\/2020\/11\/Foto_4-9-300x225.jpg 300w\" sizes=\"auto, (max-width: 150px) 100vw, 150px\" \/><br><a href=\"https:\/\/feuerwehr-kollnburg.de\/?page_id=3212\">\u00dcbung f\u00fcr Maschinisten (03.04.2010)<\/a><\/td><\/tr><tr><td><img loading=\"lazy\" decoding=\"async\" width=\"150\" height=\"113\" class=\"wp-image-3228\" style=\"width: 150px;\" src=\"https:\/\/feuerwehr-kollnburg.de\/wp-content\/uploads\/2020\/11\/Praesentation_2.jpg\" alt=\"\" srcset=\"https:\/\/feuerwehr-kollnburg.de\/wp-content\/uploads\/2020\/11\/Praesentation_2.jpg 448w, https:\/\/feuerwehr-kollnburg.de\/wp-content\/uploads\/2020\/11\/Praesentation_2-300x225.jpg 300w\" sizes=\"auto, (max-width: 150px) 100vw, 150px\" \/><br><a href=\"https:\/\/feuerwehr-kollnburg.de\/?page_id=3213\">Pr\u00e4sentation Fahrerlaubnis BCE f\u00fcr Rettungskr\u00e4fte <\/a><\/td><\/tr><tr><td><img loading=\"lazy\" decoding=\"async\" width=\"150\" height=\"113\" class=\"wp-image-3232\" style=\"width: 150px;\" src=\"https:\/\/feuerwehr-kollnburg.de\/wp-content\/uploads\/2020\/11\/IMG_0226.jpg\" alt=\"\" srcset=\"https:\/\/feuerwehr-kollnburg.de\/wp-content\/uploads\/2020\/11\/IMG_0226.jpg 320w, https:\/\/feuerwehr-kollnburg.de\/wp-content\/uploads\/2020\/11\/IMG_0226-300x225.jpg 300w\" sizes=\"auto, (max-width: 150px) 100vw, 150px\" \/><br><a href=\"https:\/\/feuerwehr-kollnburg.de\/?page_id=3214\">Einweisung in Pumpen f\u00fcr Maschinisten  (20.05.2009)<\/a><\/td><\/tr><\/tbody><\/table><\/figure>\n","protected":false},"excerpt":{"rendered":"<p>Ausbilder Maschinisten-\u00dcbungen \u00dcbung f\u00fcr Maschinisten (17.09.2019) \u00dcbung f\u00fcr Maschinisten (03.04.2010) Pr\u00e4sentation Fahrerlaubnis BCE f\u00fcr Rettungskr\u00e4fte Einweisung in Pumpen f\u00fcr Maschinisten (20.05.2009)<\/p>\n","protected":false},"author":1,"featured_media":0,"parent":3438,"menu_order":0,"comment_status":"closed","ping_status":"closed","template":"","meta":{"_genesis_hide_title":false,"_genesis_hide_breadcrumbs":false,"_genesis_hide_singular_image":false,"_genesis_hide_footer_widgets":false,"_genesis_custom_body_class":"","_genesis_custom_post_class":"","_genesis_layout":"full-width-content","footnotes":""},"class_list":{"0":"post-3022","1":"page","2":"type-page","3":"status-publish","5":"entry"},"featured_image_src":null,"featured_image_src_square":null,"_links":{"self":[{"href":"https:\/\/feuerwehr-kollnburg.de\/index.php?rest_route=\/wp\/v2\/pages\/3022","targetHints":{"allow":["GET"]}}],"collection":[{"href":"https:\/\/feuerwehr-kollnburg.de\/index.php?rest_route=\/wp\/v2\/pages"}],"about":[{"href":"https:\/\/feuerwehr-kollnburg.de\/index.php?rest_route=\/wp\/v2\/types\/page"}],"author":[{"embeddable":true,"href":"https:\/\/feuerwehr-kollnburg.de\/index.php?rest_route=\/wp\/v2\/users\/1"}],"replies":[{"embeddable":true,"href":"https:\/\/feuerwehr-kollnburg.de\/index.php?rest_route=%2Fwp%2Fv2%2Fcomments&post=3022"}],"version-history":[{"count":8,"href":"https:\/\/feuerwehr-kollnburg.de\/index.php?rest_route=\/wp\/v2\/pages\/3022\/revisions"}],"predecessor-version":[{"id":3780,"href":"https:\/\/feuerwehr-kollnburg.de\/index.php?rest_route=\/wp\/v2\/pages\/3022\/revisions\/3780"}],"up":[{"embeddable":true,"href":"https:\/\/feuerwehr-kollnburg.de\/index.php?rest_route=\/wp\/v2\/pages\/3438"}],"wp:attachment":[{"href":"https:\/\/feuerwehr-kollnburg.de\/index.php?rest_route=%2Fwp%2Fv2%2Fmedia&parent=3022"}],"curies":[{"name":"wp","href":"https:\/\/api.w.org\/{rel}","templated":true}]}}