{"id":3010,"date":"2020-11-28T16:21:56","date_gmt":"2020-11-28T16:21:56","guid":{"rendered":"https:\/\/feuerwehr-kollnburg.de\/?page_id=3010"},"modified":"2020-12-31T10:02:12","modified_gmt":"2020-12-31T10:02:12","slug":"thl-gruppe","status":"publish","type":"page","link":"https:\/\/feuerwehr-kollnburg.de\/?page_id=3010","title":{"rendered":"THL"},"content":{"rendered":"\n<h2 class=\"wp-block-heading\">Ausbilder<\/h2>\n\n\n\n<figure class=\"wp-block-image size-large is-resized\"><img loading=\"lazy\" decoding=\"async\" src=\"https:\/\/feuerwehr-kollnburg.de\/wp-content\/uploads\/2020\/11\/THL-1024x351.png\" alt=\"\" class=\"wp-image-3011\" width=\"768\" height=\"263\" srcset=\"https:\/\/feuerwehr-kollnburg.de\/wp-content\/uploads\/2020\/11\/THL-1024x351.png 1024w, https:\/\/feuerwehr-kollnburg.de\/wp-content\/uploads\/2020\/11\/THL-300x103.png 300w, https:\/\/feuerwehr-kollnburg.de\/wp-content\/uploads\/2020\/11\/THL-768x263.png 768w, https:\/\/feuerwehr-kollnburg.de\/wp-content\/uploads\/2020\/11\/THL.png 1279w\" sizes=\"auto, (max-width: 768px) 100vw, 768px\" \/><\/figure>\n\n\n\n<p>Um die THL Ausbildung der FF Kollnburg k\u00fcmmern sich unsere zwei Ausbilder. Sie haben beide den Lehrgang &#8222;Technische Hilfeleistung f\u00fcr Ausbilder&#8220; und den Lehrgang &#8222;THL Basiswissen&#8220; absolviert. Neben der Ausbildung z\u00e4hlen die vorgeschriebenen Pr\u00fcfungen der Ausr\u00fcstung zu ihren Aufgaben. <\/p>\n\n\n\n<h2 class=\"wp-block-heading\">THL-\u00dcbungen<\/h2>\n\n\n\n<figure class=\"wp-block-table is-style-regular\"><table class=\"\"><tbody><tr><td><img loading=\"lazy\" decoding=\"async\" width=\"150\" height=\"100\" class=\"wp-image-3811\" style=\"width: 150px;\" src=\"https:\/\/feuerwehr-kollnburg.de\/wp-content\/uploads\/2020\/12\/71180136_1122277204637161_4268382702568210432_o.jpg\" alt=\"\" srcset=\"https:\/\/feuerwehr-kollnburg.de\/wp-content\/uploads\/2020\/12\/71180136_1122277204637161_4268382702568210432_o.jpg 2048w, https:\/\/feuerwehr-kollnburg.de\/wp-content\/uploads\/2020\/12\/71180136_1122277204637161_4268382702568210432_o-300x200.jpg 300w, https:\/\/feuerwehr-kollnburg.de\/wp-content\/uploads\/2020\/12\/71180136_1122277204637161_4268382702568210432_o-1024x683.jpg 1024w, https:\/\/feuerwehr-kollnburg.de\/wp-content\/uploads\/2020\/12\/71180136_1122277204637161_4268382702568210432_o-768x512.jpg 768w, https:\/\/feuerwehr-kollnburg.de\/wp-content\/uploads\/2020\/12\/71180136_1122277204637161_4268382702568210432_o-1536x1025.jpg 1536w, https:\/\/feuerwehr-kollnburg.de\/wp-content\/uploads\/2020\/12\/71180136_1122277204637161_4268382702568210432_o-600x400.jpg 600w\" sizes=\"auto, (max-width: 150px) 100vw, 150px\" \/><br><a href=\"https:\/\/feuerwehr-kollnburg.de\/?page_id=3810\">Leistungsabzeichen THL 2019 (06.10.2019)<\/a><\/td><\/tr><tr><td><img loading=\"lazy\" decoding=\"async\" width=\"150\" height=\"100\" class=\"wp-image-3133\" style=\"width: 150px;\" src=\"https:\/\/feuerwehr-kollnburg.de\/wp-content\/uploads\/2020\/11\/foto_008-23.jpg\" alt=\"\" srcset=\"https:\/\/feuerwehr-kollnburg.de\/wp-content\/uploads\/2020\/11\/foto_008-23.jpg 448w, https:\/\/feuerwehr-kollnburg.de\/wp-content\/uploads\/2020\/11\/foto_008-23-300x200.jpg 300w\" sizes=\"auto, (max-width: 150px) 100vw, 150px\" \/><br><a href=\"https:\/\/feuerwehr-kollnburg.de\/?page_id=3027\">\u00dcbung &#8211; THL &#8211; VU eingeklemmte Person<\/a> <\/td><\/tr><tr><td><img loading=\"lazy\" decoding=\"async\" width=\"150\" height=\"100\" class=\"wp-image-3046\" style=\"width: 150px;\" src=\"https:\/\/feuerwehr-kollnburg.de\/wp-content\/uploads\/2020\/11\/foto_007-18.jpg\" alt=\"\" srcset=\"https:\/\/feuerwehr-kollnburg.de\/wp-content\/uploads\/2020\/11\/foto_007-18.jpg 448w, https:\/\/feuerwehr-kollnburg.de\/wp-content\/uploads\/2020\/11\/foto_007-18-300x200.jpg 300w\" sizes=\"auto, (max-width: 150px) 100vw, 150px\" \/><br><a href=\"https:\/\/feuerwehr-kollnburg.de\/?page_id=3039\">\u00dcbung &#8211; THL &#8211; Fahrzeug sichern <\/a><\/td><\/tr><tr><td><img loading=\"lazy\" decoding=\"async\" width=\"150\" height=\"113\" class=\"wp-image-3057\" style=\"width: 150px;\" src=\"https:\/\/feuerwehr-kollnburg.de\/wp-content\/uploads\/2020\/11\/foto_008-17.jpg\" alt=\"\" srcset=\"https:\/\/feuerwehr-kollnburg.de\/wp-content\/uploads\/2020\/11\/foto_008-17.jpg 448w, https:\/\/feuerwehr-kollnburg.de\/wp-content\/uploads\/2020\/11\/foto_008-17-300x225.jpg 300w\" sizes=\"auto, (max-width: 150px) 100vw, 150px\" \/><br><a href=\"https:\/\/feuerwehr-kollnburg.de\/?page_id=3049\">\u00dcbung&nbsp;&#8211; THL &#8211; Spreizereinsatz FF Sankt Englmar <\/a><\/td><\/tr><tr><td><img loading=\"lazy\" decoding=\"async\" width=\"150\" height=\"113\" class=\"wp-image-3064\" style=\"width: 150px;\" src=\"https:\/\/feuerwehr-kollnburg.de\/wp-content\/uploads\/2020\/11\/foto_003-20.jpg\" alt=\"\" srcset=\"https:\/\/feuerwehr-kollnburg.de\/wp-content\/uploads\/2020\/11\/foto_003-20.jpg 448w, https:\/\/feuerwehr-kollnburg.de\/wp-content\/uploads\/2020\/11\/foto_003-20-300x225.jpg 300w\" sizes=\"auto, (max-width: 150px) 100vw, 150px\" \/><br><a href=\"https:\/\/feuerwehr-kollnburg.de\/?page_id=3061\">\u00dcbung &#8211; THL &#8211; VU FF Ruhmannsdorf <\/a><\/td><\/tr><tr><td><img loading=\"lazy\" decoding=\"async\" width=\"150\" height=\"113\" class=\"wp-image-3084\" style=\"width: 150px;\" src=\"https:\/\/feuerwehr-kollnburg.de\/wp-content\/uploads\/2020\/11\/foto_008-19.jpg\" alt=\"\" srcset=\"https:\/\/feuerwehr-kollnburg.de\/wp-content\/uploads\/2020\/11\/foto_008-19.jpg 448w, https:\/\/feuerwehr-kollnburg.de\/wp-content\/uploads\/2020\/11\/foto_008-19-300x225.jpg 300w\" sizes=\"auto, (max-width: 150px) 100vw, 150px\" \/><br><a href=\"https:\/\/feuerwehr-kollnburg.de\/?page_id=3076\">\u00dcbung&nbsp;&#8211; THL &#8211; Reinigung Burgbrunnen<\/a> <\/td><\/tr><tr><td> <img loading=\"lazy\" decoding=\"async\" width=\"150\" height=\"113\" class=\"wp-image-3100\" style=\"width: 150px;\" src=\"https:\/\/feuerwehr-kollnburg.de\/wp-content\/uploads\/2020\/11\/foto_002-23.jpg\" alt=\"\" srcset=\"https:\/\/feuerwehr-kollnburg.de\/wp-content\/uploads\/2020\/11\/foto_002-23.jpg 448w, https:\/\/feuerwehr-kollnburg.de\/wp-content\/uploads\/2020\/11\/foto_002-23-300x225.jpg 300w\" sizes=\"auto, (max-width: 150px) 100vw, 150px\" \/><br><a href=\"https:\/\/feuerwehr-kollnburg.de\/?page_id=3088\">\u00dcbung&nbsp;&#8211; THL &#8211; Eingeklemmte Person <\/a><\/td><\/tr><tr><td><img loading=\"lazy\" decoding=\"async\" width=\"150\" height=\"113\" class=\"wp-image-3116\" style=\"width: 150px;\" src=\"https:\/\/feuerwehr-kollnburg.de\/wp-content\/uploads\/2020\/11\/foto_007-24.jpg\" alt=\"\"><br><a href=\"https:\/\/feuerwehr-kollnburg.de\/?page_id=3089\">\u00dcbung &#8211; THL &#8211; Gefahrgutunfall <\/a><\/td><\/tr><\/tbody><\/table><\/figure>\n","protected":false},"excerpt":{"rendered":"<p>Ausbilder Um die THL Ausbildung der FF Kollnburg k\u00fcmmern sich unsere zwei Ausbilder. Sie haben beide den Lehrgang &#8222;Technische Hilfeleistung f\u00fcr Ausbilder&#8220; und den Lehrgang &#8222;THL Basiswissen&#8220; absolviert. Neben der Ausbildung z\u00e4hlen die vorgeschriebenen Pr\u00fcfungen der Ausr\u00fcstung zu ihren Aufgaben. THL-\u00dcbungen Leistungsabzeichen THL 2019 (06.10.2019) \u00dcbung &#8211; THL &#8211; VU eingeklemmte Person \u00dcbung &#8211; THL [&hellip;]<\/p>\n","protected":false},"author":1,"featured_media":0,"parent":3438,"menu_order":0,"comment_status":"closed","ping_status":"closed","template":"","meta":{"_genesis_hide_title":false,"_genesis_hide_breadcrumbs":false,"_genesis_hide_singular_image":false,"_genesis_hide_footer_widgets":false,"_genesis_custom_body_class":"","_genesis_custom_post_class":"","_genesis_layout":"full-width-content","footnotes":""},"class_list":{"0":"post-3010","1":"page","2":"type-page","3":"status-publish","5":"entry"},"featured_image_src":null,"featured_image_src_square":null,"_links":{"self":[{"href":"https:\/\/feuerwehr-kollnburg.de\/index.php?rest_route=\/wp\/v2\/pages\/3010","targetHints":{"allow":["GET"]}}],"collection":[{"href":"https:\/\/feuerwehr-kollnburg.de\/index.php?rest_route=\/wp\/v2\/pages"}],"about":[{"href":"https:\/\/feuerwehr-kollnburg.de\/index.php?rest_route=\/wp\/v2\/types\/page"}],"author":[{"embeddable":true,"href":"https:\/\/feuerwehr-kollnburg.de\/index.php?rest_route=\/wp\/v2\/users\/1"}],"replies":[{"embeddable":true,"href":"https:\/\/feuerwehr-kollnburg.de\/index.php?rest_route=%2Fwp%2Fv2%2Fcomments&post=3010"}],"version-history":[{"count":12,"href":"https:\/\/feuerwehr-kollnburg.de\/index.php?rest_route=\/wp\/v2\/pages\/3010\/revisions"}],"predecessor-version":[{"id":3823,"href":"https:\/\/feuerwehr-kollnburg.de\/index.php?rest_route=\/wp\/v2\/pages\/3010\/revisions\/3823"}],"up":[{"embeddable":true,"href":"https:\/\/feuerwehr-kollnburg.de\/index.php?rest_route=\/wp\/v2\/pages\/3438"}],"wp:attachment":[{"href":"https:\/\/feuerwehr-kollnburg.de\/index.php?rest_route=%2Fwp%2Fv2%2Fmedia&parent=3010"}],"curies":[{"name":"wp","href":"https:\/\/api.w.org\/{rel}","templated":true}]}}