{"id":204,"date":"2020-01-06T16:19:24","date_gmt":"2020-01-06T16:19:24","guid":{"rendered":"https:\/\/feuerwehr-kollnburg.de\/?page_id=204"},"modified":"2020-11-06T17:39:19","modified_gmt":"2020-11-06T17:39:19","slug":"mannschaft","status":"publish","type":"page","link":"https:\/\/feuerwehr-kollnburg.de\/?page_id=204","title":{"rendered":"Mannschaft"},"content":{"rendered":"\n<figure class=\"wp-block-image size-large\"><img loading=\"lazy\" decoding=\"async\" width=\"403\" height=\"178\" src=\"https:\/\/feuerwehr-kollnburg.de\/wp-content\/uploads\/2020\/01\/Mannschaft.jpg\" alt=\"\" class=\"wp-image-205\" srcset=\"https:\/\/feuerwehr-kollnburg.de\/wp-content\/uploads\/2020\/01\/Mannschaft.jpg 403w, https:\/\/feuerwehr-kollnburg.de\/wp-content\/uploads\/2020\/01\/Mannschaft-300x133.jpg 300w\" sizes=\"auto, (max-width: 403px) 100vw, 403px\" \/><\/figure>\n\n\n\n<p> Die FFW Kollnburg z\u00e4hlt derzeit 83 Aktive Mitglieder. Die Mitgliederzahl wechselt nat\u00fcrlich j\u00e4hrlich, da immer wieder neue Mitglieder dazu kommen aber, auch einige zu den Passiven Vereinsmitgliedern wechseln oder die Wehr wieder verlassen. Dies kommt h\u00e4ufig bei den J\u00fcngeren vor, die mit 13 oder 14 Jahren zur Jugendfeuerwehr kommen. Im Gro\u00dfen und Ganzen h\u00e4lt sich die Zahl der j\u00e4hrlichen Neuaufnahmen mit der Zahl der \u00dcber- bzw. Austritte die Waage. Die 83 aktiven Mitglieder setzen sich zusammen aus 51 m\u00e4nnlichen und 9 weiblichen Feuerwehrdienstleistenden sowie 19 m\u00e4nnlichen und 4 weiblichen Feuerwehranw\u00e4rtern. Im Bild ist ein Teil der aktiven Mannschaft von 2006 abgebildet, zusammen mit der AH Gruppe und der Jugendgruppe. <\/p>\n","protected":false},"excerpt":{"rendered":"<p><\/p>\n","protected":false},"author":1,"featured_media":0,"parent":691,"menu_order":0,"comment_status":"closed","ping_status":"closed","template":"","meta":{"_genesis_hide_title":false,"_genesis_hide_breadcrumbs":false,"_genesis_hide_singular_image":false,"_genesis_hide_footer_widgets":false,"_genesis_custom_body_class":"","_genesis_custom_post_class":"","_genesis_layout":"full-width-content","footnotes":""},"class_list":{"0":"post-204","1":"page","2":"type-page","3":"status-publish","5":"entry"},"featured_image_src":null,"featured_image_src_square":null,"_links":{"self":[{"href":"https:\/\/feuerwehr-kollnburg.de\/index.php?rest_route=\/wp\/v2\/pages\/204","targetHints":{"allow":["GET"]}}],"collection":[{"href":"https:\/\/feuerwehr-kollnburg.de\/index.php?rest_route=\/wp\/v2\/pages"}],"about":[{"href":"https:\/\/feuerwehr-kollnburg.de\/index.php?rest_route=\/wp\/v2\/types\/page"}],"author":[{"embeddable":true,"href":"https:\/\/feuerwehr-kollnburg.de\/index.php?rest_route=\/wp\/v2\/users\/1"}],"replies":[{"embeddable":true,"href":"https:\/\/feuerwehr-kollnburg.de\/index.php?rest_route=%2Fwp%2Fv2%2Fcomments&post=204"}],"version-history":[{"count":2,"href":"https:\/\/feuerwehr-kollnburg.de\/index.php?rest_route=\/wp\/v2\/pages\/204\/revisions"}],"predecessor-version":[{"id":844,"href":"https:\/\/feuerwehr-kollnburg.de\/index.php?rest_route=\/wp\/v2\/pages\/204\/revisions\/844"}],"up":[{"embeddable":true,"href":"https:\/\/feuerwehr-kollnburg.de\/index.php?rest_route=\/wp\/v2\/pages\/691"}],"wp:attachment":[{"href":"https:\/\/feuerwehr-kollnburg.de\/index.php?rest_route=%2Fwp%2Fv2%2Fmedia&parent=204"}],"curies":[{"name":"wp","href":"https:\/\/api.w.org\/{rel}","templated":true}]}}