{"id":1781,"date":"2020-11-22T14:01:36","date_gmt":"2020-11-22T14:01:36","guid":{"rendered":"https:\/\/feuerwehr-kollnburg.de\/?page_id=1781"},"modified":"2020-11-22T14:05:37","modified_gmt":"2020-11-22T14:05:37","slug":"groesster-knoedel","status":"publish","type":"page","link":"https:\/\/feuerwehr-kollnburg.de\/?page_id=1781","title":{"rendered":"Gr\u00f6\u00dfter Kn\u00f6del"},"content":{"rendered":"\n<h2 class=\"wp-block-heading\">Bericht <\/h2>\n\n\n\n<p>Die K\u00f6che Thomas Stefik, Peter Hauptmann und Hans Probst haben es geschafft, den bisherigen Weltrekord laut Guinness von 34,95 kg zu \u00fcberbieten! Der Rekord-Kn\u00f6del hat ein Gewicht von 84,71 Kg. <\/p>\n\n\n\n<h2 class=\"wp-block-heading\">Fotos<\/h2>\n\n\n\n<figure class=\"wp-block-gallery columns-3 wp-block-gallery-1 is-layout-flex wp-block-gallery-is-layout-flex\"><ul class=\"blocks-gallery-grid\"><li class=\"blocks-gallery-item\"><figure><img loading=\"lazy\" decoding=\"async\" width=\"300\" height=\"200\" src=\"https:\/\/feuerwehr-kollnburg.de\/wp-content\/uploads\/2020\/11\/Foto_1-3.jpg\" alt=\"\" data-id=\"1784\" data-full-url=\"https:\/\/feuerwehr-kollnburg.de\/wp-content\/uploads\/2020\/11\/Foto_1-3.jpg\" data-link=\"https:\/\/feuerwehr-kollnburg.de\/?attachment_id=1784\" class=\"wp-image-1784\"\/><\/figure><\/li><li class=\"blocks-gallery-item\"><figure><img loading=\"lazy\" decoding=\"async\" width=\"200\" height=\"300\" src=\"https:\/\/feuerwehr-kollnburg.de\/wp-content\/uploads\/2020\/11\/Foto_2-3.jpg\" alt=\"\" data-id=\"1785\" data-full-url=\"https:\/\/feuerwehr-kollnburg.de\/wp-content\/uploads\/2020\/11\/Foto_2-3.jpg\" data-link=\"https:\/\/feuerwehr-kollnburg.de\/?attachment_id=1785\" class=\"wp-image-1785\"\/><\/figure><\/li><li class=\"blocks-gallery-item\"><figure><img loading=\"lazy\" decoding=\"async\" width=\"300\" height=\"200\" src=\"https:\/\/feuerwehr-kollnburg.de\/wp-content\/uploads\/2020\/11\/Foto_3-3.jpg\" alt=\"\" data-id=\"1786\" data-full-url=\"https:\/\/feuerwehr-kollnburg.de\/wp-content\/uploads\/2020\/11\/Foto_3-3.jpg\" data-link=\"https:\/\/feuerwehr-kollnburg.de\/?attachment_id=1786\" class=\"wp-image-1786\"\/><\/figure><\/li><li class=\"blocks-gallery-item\"><figure><img loading=\"lazy\" decoding=\"async\" width=\"300\" height=\"200\" src=\"https:\/\/feuerwehr-kollnburg.de\/wp-content\/uploads\/2020\/11\/Foto_4-3.jpg\" alt=\"\" data-id=\"1787\" data-full-url=\"https:\/\/feuerwehr-kollnburg.de\/wp-content\/uploads\/2020\/11\/Foto_4-3.jpg\" data-link=\"https:\/\/feuerwehr-kollnburg.de\/?attachment_id=1787\" class=\"wp-image-1787\"\/><\/figure><\/li><li class=\"blocks-gallery-item\"><figure><img loading=\"lazy\" decoding=\"async\" width=\"300\" height=\"200\" src=\"https:\/\/feuerwehr-kollnburg.de\/wp-content\/uploads\/2020\/11\/Foto_5-3.jpg\" alt=\"\" data-id=\"1788\" data-full-url=\"https:\/\/feuerwehr-kollnburg.de\/wp-content\/uploads\/2020\/11\/Foto_5-3.jpg\" data-link=\"https:\/\/feuerwehr-kollnburg.de\/?attachment_id=1788\" class=\"wp-image-1788\"\/><\/figure><\/li><\/ul><\/figure>\n\n\n\n<h2 class=\"wp-block-heading\"><a href=\"http:\/\/www.input-aktuell.de\/mainframe.asp?n=2&amp;newsid=29535\" target=\"_blank\" rel=\"noreferrer noopener\" aria-label=\"Pressebericht mit Galerie (\u00f6ffnet in neuem Tab)\">Pressebericht mit Galerie<\/a><\/h2>\n\n\n\n<p><\/p>\n","protected":false},"excerpt":{"rendered":"<p>Bericht Die K\u00f6che Thomas Stefik, Peter Hauptmann und Hans Probst haben es geschafft, den bisherigen Weltrekord laut Guinness von 34,95 kg zu \u00fcberbieten! Der Rekord-Kn\u00f6del hat ein Gewicht von 84,71 Kg. Fotos Pressebericht mit Galerie<\/p>\n","protected":false},"author":1,"featured_media":0,"parent":1777,"menu_order":0,"comment_status":"closed","ping_status":"closed","template":"","meta":{"_genesis_hide_title":false,"_genesis_hide_breadcrumbs":false,"_genesis_hide_singular_image":false,"_genesis_hide_footer_widgets":false,"_genesis_custom_body_class":"","_genesis_custom_post_class":"","_genesis_layout":"full-width-content","footnotes":""},"class_list":{"0":"post-1781","1":"page","2":"type-page","3":"status-publish","5":"entry"},"featured_image_src":null,"featured_image_src_square":null,"_links":{"self":[{"href":"https:\/\/feuerwehr-kollnburg.de\/index.php?rest_route=\/wp\/v2\/pages\/1781","targetHints":{"allow":["GET"]}}],"collection":[{"href":"https:\/\/feuerwehr-kollnburg.de\/index.php?rest_route=\/wp\/v2\/pages"}],"about":[{"href":"https:\/\/feuerwehr-kollnburg.de\/index.php?rest_route=\/wp\/v2\/types\/page"}],"author":[{"embeddable":true,"href":"https:\/\/feuerwehr-kollnburg.de\/index.php?rest_route=\/wp\/v2\/users\/1"}],"replies":[{"embeddable":true,"href":"https:\/\/feuerwehr-kollnburg.de\/index.php?rest_route=%2Fwp%2Fv2%2Fcomments&post=1781"}],"version-history":[{"count":2,"href":"https:\/\/feuerwehr-kollnburg.de\/index.php?rest_route=\/wp\/v2\/pages\/1781\/revisions"}],"predecessor-version":[{"id":1789,"href":"https:\/\/feuerwehr-kollnburg.de\/index.php?rest_route=\/wp\/v2\/pages\/1781\/revisions\/1789"}],"up":[{"embeddable":true,"href":"https:\/\/feuerwehr-kollnburg.de\/index.php?rest_route=\/wp\/v2\/pages\/1777"}],"wp:attachment":[{"href":"https:\/\/feuerwehr-kollnburg.de\/index.php?rest_route=%2Fwp%2Fv2%2Fmedia&parent=1781"}],"curies":[{"name":"wp","href":"https:\/\/api.w.org\/{rel}","templated":true}]}}