{"id":1777,"date":"2020-11-22T14:01:12","date_gmt":"2020-11-22T14:01:12","guid":{"rendered":"https:\/\/feuerwehr-kollnburg.de\/?page_id=1777"},"modified":"2020-11-24T14:26:30","modified_gmt":"2020-11-24T14:26:30","slug":"veranstaltungen-chronik","status":"publish","type":"page","link":"https:\/\/feuerwehr-kollnburg.de\/?page_id=1777","title":{"rendered":"vergangene Veranstaltungen"},"content":{"rendered":"\n<h2 class=\"wp-block-heading\">Heimatfest<\/h2>\n\n\n\n<figure class=\"wp-block-table is-style-regular\"><table class=\"has-fixed-layout\"><tbody><tr><td><img loading=\"lazy\" decoding=\"async\" width=\"100\" height=\"141\" class=\"wp-image-1778\" style=\"width: 100px;\" src=\"https:\/\/feuerwehr-kollnburg.de\/wp-content\/uploads\/2020\/11\/heimatfestplakat_2018_vorschau.jpg\" alt=\"\" srcset=\"https:\/\/feuerwehr-kollnburg.de\/wp-content\/uploads\/2020\/11\/heimatfestplakat_2018_vorschau.jpg 482w, https:\/\/feuerwehr-kollnburg.de\/wp-content\/uploads\/2020\/11\/heimatfestplakat_2018_vorschau-213x300.jpg 213w\" sizes=\"auto, (max-width: 100px) 100vw, 100px\" \/><\/td><td><strong>Heimatfest 2018<\/strong><br><a rel=\"noreferrer noopener\" aria-label=\"Plakat (\u00f6ffnet in neuem Tab)\" href=\"https:\/\/feuerwehr-kollnburg.de\/wp-content\/uploads\/2020\/11\/heimatfestplakat_2018.jpg\" target=\"_blank\">Plakat<\/a><br><a href=\"https:\/\/feuerwehr-kollnburg.de\/?page_id=1790\">Veranstaltungen<\/a><br><\/td><\/tr><tr><td><img loading=\"lazy\" decoding=\"async\" width=\"100\" height=\"139\" class=\"wp-image-1807\" style=\"width: 100px;\" src=\"https:\/\/feuerwehr-kollnburg.de\/wp-content\/uploads\/2020\/11\/Heimatfestplakat_2010.jpg\" alt=\"\" srcset=\"https:\/\/feuerwehr-kollnburg.de\/wp-content\/uploads\/2020\/11\/Heimatfestplakat_2010.jpg 1630w, https:\/\/feuerwehr-kollnburg.de\/wp-content\/uploads\/2020\/11\/Heimatfestplakat_2010-216x300.jpg 216w, https:\/\/feuerwehr-kollnburg.de\/wp-content\/uploads\/2020\/11\/Heimatfestplakat_2010-739x1024.jpg 739w, https:\/\/feuerwehr-kollnburg.de\/wp-content\/uploads\/2020\/11\/Heimatfestplakat_2010-768x1065.jpg 768w, https:\/\/feuerwehr-kollnburg.de\/wp-content\/uploads\/2020\/11\/Heimatfestplakat_2010-1108x1536.jpg 1108w, https:\/\/feuerwehr-kollnburg.de\/wp-content\/uploads\/2020\/11\/Heimatfestplakat_2010-1477x2048.jpg 1477w\" sizes=\"auto, (max-width: 100px) 100vw, 100px\" \/><\/td><td><strong>Heimatfest 2010<\/strong><br><a rel=\"noreferrer noopener\" aria-label=\"Plakat (\u00f6ffnet in neuem Tab)\" href=\"https:\/\/feuerwehr-kollnburg.de\/wp-content\/uploads\/2020\/11\/Heimatfestplakat_2010_web.pdf\" target=\"_blank\">Plakat<\/a><br><a href=\"https:\/\/feuerwehr-kollnburg.de\/?page_id=1811\">Zeltaufbau<\/a><br><a href=\"https:\/\/feuerwehr-kollnburg.de\/?page_id=1861\">Freitag<\/a><br><a href=\"https:\/\/feuerwehr-kollnburg.de\/?page_id=2153\">Samstag<\/a><br><a href=\"https:\/\/feuerwehr-kollnburg.de\/?page_id=2261\">alle Festtage<\/a><br><a href=\"https:\/\/feuerwehr-kollnburg.de\/?page_id=1781\">Gr\u00f6\u00dfter Kn\u00f6del<\/a> <\/td><\/tr><tr><td><img loading=\"lazy\" decoding=\"async\" width=\"150\" height=\"113\" class=\"wp-image-2412\" style=\"width: 150px;\" src=\"https:\/\/feuerwehr-kollnburg.de\/wp-content\/uploads\/2020\/11\/Foto_18-7.jpg\" alt=\"\" srcset=\"https:\/\/feuerwehr-kollnburg.de\/wp-content\/uploads\/2020\/11\/Foto_18-7.jpg 448w, https:\/\/feuerwehr-kollnburg.de\/wp-content\/uploads\/2020\/11\/Foto_18-7-300x225.jpg 300w\" sizes=\"auto, (max-width: 150px) 100vw, 150px\" \/><\/td><td><strong>Heimatfest 2008<\/strong><br><a href=\"https:\/\/feuerwehr-kollnburg.de\/?page_id=2414\">Galerie<\/a><\/td><\/tr><\/tbody><\/table><\/figure>\n\n\n\n<h2 class=\"wp-block-heading\">Veranstaltungen<\/h2>\n\n\n\n<figure class=\"wp-block-table is-style-regular\"><table class=\"has-fixed-layout\"><tbody><tr><td><strong>19.03.2016 <\/strong><\/td><td><strong>Starkbierfest <\/strong><br><a href=\"https:\/\/feuerwehr-kollnburg.de\/wp-content\/uploads\/2020\/11\/foto_001-7.jpg\">Flyer<\/a><\/td><\/tr><tr><td><strong>24.-26.05.2013 <\/strong><\/td><td><strong>Fahrzeugweihe HLF 20\/16 <\/strong><br><a href=\"https:\/\/feuerwehr-kollnburg.de\/?page_id=2446\">Galerie<\/a><\/td><\/tr><tr><td><strong>23.02.2013 <\/strong><\/td><td><strong>Starkbierfest mit Fastenprediger &#8222;Sepp&#8220; <\/strong><br><a href=\"https:\/\/feuerwehr-kollnburg.de\/?page_id=2479\">Galerie<\/a><\/td><\/tr><tr><td><strong>16.02.2013 <\/strong><\/td><td><strong>Landkreis-Meisterschaften in Fu\u00dfball<br>der Freiwilligen Feuerwehren <\/strong><br><a href=\"https:\/\/feuerwehr-kollnburg.de\/?page_id=2621\">Teilnehmer<\/a><\/td><\/tr><tr><td><strong>11.07.2012 <\/strong><\/td><td><strong>Besuch der 3. Klasse im Ger\u00e4tehaus Kollnburg <\/strong><br><a href=\"https:\/\/feuerwehr-kollnburg.de\/?page_id=2540\">Galerie<\/a><\/td><\/tr><tr><td><strong>02.06.2012 <\/strong><\/td><td><strong>L\u00e4nderfest <\/strong><br><a rel=\"noreferrer noopener\" aria-label=\"Flyer (\u00f6ffnet in neuem Tab)\" href=\"https:\/\/feuerwehr-kollnburg.de\/wp-content\/uploads\/2020\/11\/Laenderfest_web.pdf\" target=\"_blank\">Flyer<\/a><br><a href=\"https:\/\/feuerwehr-kollnburg.de\/?page_id=2606\">Galerie<\/a><\/td><\/tr><tr><td><strong>01.05.2012 <\/strong><\/td><td><strong>RAMA DAMA 2012 <\/strong><br><a href=\"https:\/\/feuerwehr-kollnburg.de\/?page_id=2585\">Galerie<\/a><\/td><\/tr><tr><td><strong>25.02.2012 <\/strong><\/td><td><strong>Landkreis-Meisterschaften in Fu\u00dfball<br>der Freiwilligen Feuerwehren <\/strong><br><a href=\"https:\/\/feuerwehr-kollnburg.de\/?page_id=2654\">Teilnehmer<\/a><\/td><\/tr><tr><td><strong>29.10.2011 <\/strong><\/td><td><strong>Gottesdienst mit Fahrzeugweihe und Weinfest <\/strong><br><a href=\"https:\/\/feuerwehr-kollnburg.de\/?page_id=2625\">Galerie<\/a><\/td><\/tr><tr><td><strong>30.07.2011 <\/strong><\/td><td><strong>Stadtfest Zelecna Ruda (CZ) <\/strong><br><a href=\"https:\/\/feuerwehr-kollnburg.de\/?page_id=2589\">Galerie<\/a><\/td><\/tr><tr><td><strong>21.05.2011 <\/strong><\/td><td><strong>Strandfest unter Palmen <\/strong><br><a rel=\"noreferrer noopener\" aria-label=\"Flyer (\u00f6ffnet in neuem Tab)\" href=\"https:\/\/feuerwehr-kollnburg.de\/wp-content\/uploads\/2020\/11\/strandfest_web.pdf\" target=\"_blank\">Flyer<\/a><br><a href=\"https:\/\/feuerwehr-kollnburg.de\/?page_id=2660\">Galerie<\/a><\/td><\/tr><tr><td><strong>19.03.2011 <\/strong><\/td><td><strong>Landkreis-Meisterschaften in Fu\u00dfball<br>der Freiwilligen Feuerwehren <\/strong><br><a href=\"https:\/\/feuerwehr-kollnburg.de\/?page_id=2581\">Teilnehmer<\/a><\/td><\/tr><tr><td><strong>05.09.2010 <\/strong><\/td><td><strong>Familienfest <\/strong><br><a href=\"https:\/\/feuerwehr-kollnburg.de\/?page_id=2699\">Galerie<\/a><\/td><\/tr><tr><td><strong>27.02.2010 <\/strong><\/td><td><strong>Landkreis-Meisterschaft in Ski Alpin der Freiwilligen Feuerwehren <\/strong><br><a href=\"https:\/\/feuerwehr-kollnburg.de\/?page_id=2525\">Galerie<\/a><\/td><\/tr><tr><td><strong>20.02.2010 <\/strong><\/td><td><strong>Fu\u00dfball-Feuerwehr-Turnier in Ruhmannsfelden <\/strong><br><a href=\"https:\/\/feuerwehr-kollnburg.de\/?page_id=2557\">Galerie<\/a><\/td><\/tr><tr><td><strong>16.08.2009 <\/strong><\/td><td><strong>Stra\u00dfenfest 2009 <\/strong><br><a href=\"https:\/\/feuerwehr-kollnburg.de\/?page_id=2713\">Galerie<\/a><\/td><\/tr><tr><td><strong>28.03.2009 <\/strong><\/td><td><strong>Landkreis-Meisterschaften in Fu\u00dfball<br>der Freiwilligen Feuerwehren <\/strong><br><a href=\"https:\/\/feuerwehr-kollnburg.de\/?page_id=2573\">Galerie<\/a><\/td><\/tr><tr><td><strong>14.03.2009 <\/strong><\/td><td><strong>Hochzeit des 1. Kommandanten G\u00e4rtling Lothar <\/strong><br><a href=\"https:\/\/feuerwehr-kollnburg.de\/?page_id=2495\">Galerie<\/a><\/td><\/tr><\/tbody><\/table><\/figure>\n","protected":false},"excerpt":{"rendered":"<p>Heimatfest Heimatfest 2018PlakatVeranstaltungen Heimatfest 2010PlakatZeltaufbauFreitagSamstagalle FesttageGr\u00f6\u00dfter Kn\u00f6del Heimatfest 2008Galerie Veranstaltungen 19.03.2016 Starkbierfest Flyer 24.-26.05.2013 Fahrzeugweihe HLF 20\/16 Galerie 23.02.2013 Starkbierfest mit Fastenprediger &#8222;Sepp&#8220; Galerie 16.02.2013 Landkreis-Meisterschaften in Fu\u00dfballder Freiwilligen Feuerwehren Teilnehmer 11.07.2012 Besuch der 3. Klasse im Ger\u00e4tehaus Kollnburg Galerie 02.06.2012 L\u00e4nderfest FlyerGalerie 01.05.2012 RAMA DAMA 2012 Galerie 25.02.2012 Landkreis-Meisterschaften in Fu\u00dfballder Freiwilligen Feuerwehren Teilnehmer [&hellip;]<\/p>\n","protected":false},"author":1,"featured_media":0,"parent":685,"menu_order":0,"comment_status":"closed","ping_status":"closed","template":"","meta":{"_genesis_hide_title":false,"_genesis_hide_breadcrumbs":false,"_genesis_hide_singular_image":false,"_genesis_hide_footer_widgets":false,"_genesis_custom_body_class":"","_genesis_custom_post_class":"","_genesis_layout":"full-width-content","footnotes":""},"class_list":{"0":"post-1777","1":"page","2":"type-page","3":"status-publish","5":"entry"},"featured_image_src":null,"featured_image_src_square":null,"_links":{"self":[{"href":"https:\/\/feuerwehr-kollnburg.de\/index.php?rest_route=\/wp\/v2\/pages\/1777","targetHints":{"allow":["GET"]}}],"collection":[{"href":"https:\/\/feuerwehr-kollnburg.de\/index.php?rest_route=\/wp\/v2\/pages"}],"about":[{"href":"https:\/\/feuerwehr-kollnburg.de\/index.php?rest_route=\/wp\/v2\/types\/page"}],"author":[{"embeddable":true,"href":"https:\/\/feuerwehr-kollnburg.de\/index.php?rest_route=\/wp\/v2\/users\/1"}],"replies":[{"embeddable":true,"href":"https:\/\/feuerwehr-kollnburg.de\/index.php?rest_route=%2Fwp%2Fv2%2Fcomments&post=1777"}],"version-history":[{"count":46,"href":"https:\/\/feuerwehr-kollnburg.de\/index.php?rest_route=\/wp\/v2\/pages\/1777\/revisions"}],"predecessor-version":[{"id":2768,"href":"https:\/\/feuerwehr-kollnburg.de\/index.php?rest_route=\/wp\/v2\/pages\/1777\/revisions\/2768"}],"up":[{"embeddable":true,"href":"https:\/\/feuerwehr-kollnburg.de\/index.php?rest_route=\/wp\/v2\/pages\/685"}],"wp:attachment":[{"href":"https:\/\/feuerwehr-kollnburg.de\/index.php?rest_route=%2Fwp%2Fv2%2Fmedia&parent=1777"}],"curies":[{"name":"wp","href":"https:\/\/api.w.org\/{rel}","templated":true}]}}